{"id":3788,"date":"2021-10-26T22:52:25","date_gmt":"2021-10-26T20:52:26","guid":{"rendered":"https:\/\/www.marylabel.com\/?post_type=product&#038;p=3788"},"modified":"2022-11-16T19:17:24","modified_gmt":"2022-11-16T18:17:24","slug":"pollen-charas","status":"publish","type":"product","link":"https:\/\/www.marylabel.com\/fr\/product\/pollen-charas\/","title":{"rendered":"CHARAS POLLEN INFIORESCENCES"},"content":{"rendered":"<p>CHARAS POLLEN INFIORESCENCES<\/p>\n<p>Culture <strong> EXTRACTION <\/strong><\/p>\n<p>Valeurs <strong> THC 0,2% CBD 35% <\/strong><\/p>\n<p><strong> le pollen est un produit de <a title=\"legal hemp sativa\" href=\"https:\/\/www.cannabe.it\/infiorescenze-canapa.htm\" target=\"_ blank\" rel=\"noopener\"> Cannabis Light Legale <\/a> <\/strong>, obtenu <strong> en pressant le pollen du traitement avec un tamis <\/strong>. Ce produit naturel conserve toutes les caract\u00e9ristiques typiques du <a href=\"https:\/\/www.marylabel.com\/fr\/boutique\/\" rel=\"noopener\" target=\"_blank\">Cannabis Sativa<\/a> L., m\u00eame sa forte concentration en Cannabidiol (CBD). Il se pr\u00e9sente sous la forme d&rsquo;un <strong> concentr\u00e9 solide de couleur sombre <\/strong>, avec un <strong> ar\u00f4me <\/strong> <strong> piquant <\/strong> et <strong> irrit\u00e9 <\/strong>. Produit sans utilisation d&rsquo;additif chimique ou de solvant.<\/p>\n<p>Produit exclusivement \u00e0 partir de plantes cultiv\u00e9es dans des serres contr\u00f4l\u00e9es, en totale conformit\u00e9 avec les techniques agricoles de pointe. <\/p>\n","protected":false},"excerpt":{"rendered":"<p> Culture <strong> EXTRACTION <\/strong> <\/p>\n<p> Valeurs <strong> THC 0,2% CBD 35% <\/strong> <\/p>\n<p> <strong> le pollen est un produit de <a title=\"legal hemp sativa\" href=\"https:\/\/www.cannabe.it\/infiorescenze-canapa.htm\" target=\"_ blank\" rel=\"noopener\"> Cannabis Light Legale <\/a> <\/strong>, obtenu <strong> en pressant le pollen du traitement avec un tamis <\/strong>. Ce produit naturel conserve toutes les caract\u00e9ristiques typiques du Cannabis Sativa L., m\u00eame sa forte concentration en Cannabidiol (CBD). Il se pr\u00e9sente sous la forme d&rsquo;un <strong> concentr\u00e9 solide de couleur sombre <\/strong>, avec un <strong> ar\u00f4me <\/strong> <strong> piquant <\/strong> et <strong> irrit\u00e9 <\/strong>. Produit sans utilisation d&rsquo;additif chimique ou de solvant. <\/p>\n<p> Produit exclusivement \u00e0 partir de plantes cultiv\u00e9es dans des serres contr\u00f4l\u00e9es, en totale conformit\u00e9 avec les techniques agricoles de pointe <\/p>\n","protected":false},"featured_media":3795,"comment_status":"open","ping_status":"closed","template":"","meta":[],"product_brand":[],"product_cat":[134,130,136,135],"product_tag":[141,142,214,144,145,209,154,167,166,153],"class_list":{"0":"post-3788","1":"product","2":"type-product","3":"status-publish","4":"has-post-thumbnail","6":"product_cat-hash-fr","7":"product_cat-inflorescences","8":"product_cat-non-classe","9":"product_cat-pollen","10":"product_tag-cannabis-fr","11":"product_tag-cbd-fr","12":"product_tag-charas-fr","13":"product_tag-extraction","14":"product_tag-fleur","15":"product_tag-kief-fr","16":"product_tag-light-fr","17":"product_tag-maryl-label-fr","18":"product_tag-pollen","19":"product_tag-weed-fr","21":"first","22":"instock","23":"sale","24":"shipping-taxable","25":"purchasable","26":"product-type-variable"},"yoast_head":"<!-- This site is optimized with the Yoast SEO plugin v27.5 - https:\/\/yoast.com\/product\/yoast-seo-wordpress\/ -->\n<title>CHARAS POLLEN INFIORESCENCES &#8902; Marijuana l\u00e9gale &#8902;<\/title>\n<meta name=\"description\" content=\"Charas POLLEN INFIORESCENCES\u00a0est une r\u00e9sine press\u00e9e obtenue en isolant les trichomes de Legal Sativa Hemp. Il vient avec une texture douce.\" \/>\n<meta name=\"robots\" content=\"index, follow, max-snippet:-1, max-image-preview:large, max-video-preview:-1\" \/>\n<link rel=\"canonical\" href=\"https:\/\/www.marylabel.com\/fr\/product\/pollen-charas\/\" \/>\n<meta property=\"og:locale\" content=\"fr_FR\" \/>\n<meta property=\"og:type\" content=\"article\" \/>\n<meta property=\"og:title\" content=\"Marylabel &#8902; Acheter Marijuana L\u00e9gal &#8902; Marylabel.com\" \/>\n<meta property=\"og:description\" content=\"Legal Marijuana Italy - Cannabis dont le THC, l&#039;ingr\u00e9dient actif, ne d\u00e9passe pas 0,2% conform\u00e9ment \u00e0 la loi &#8902; Achetez maintenant sur marylabel.com\" \/>\n<meta property=\"og:url\" content=\"https:\/\/www.marylabel.com\/fr\/product\/pollen-charas\/\" \/>\n<meta property=\"og:site_name\" content=\"Marylabel.com\" \/>\n<meta property=\"article:publisher\" content=\"https:\/\/www.facebook.com\/pages\/category\/Local-Business\/Mary-Label-Ventimiglia-2169750083288392\/\" \/>\n<meta property=\"article:modified_time\" content=\"2022-11-16T18:17:24+00:00\" \/>\n<meta property=\"og:image\" content=\"https:\/\/www.marylabel.com\/wp-content\/uploads\/op.marylabel-1.jpg\" \/>\n\t<meta property=\"og:image:width\" content=\"900\" \/>\n\t<meta property=\"og:image:height\" content=\"450\" \/>\n\t<meta property=\"og:image:type\" content=\"image\/jpeg\" \/>\n<meta name=\"twitter:card\" content=\"summary_large_image\" \/>\n<meta name=\"twitter:title\" content=\"Marylabel &#8902; Acheter Marijuana L\u00e9gal &#8902; Marylabel.com\" \/>\n<meta name=\"twitter:description\" content=\"Legal Marijuana Italy - Cannabis dont le THC, l&#039;ingr\u00e9dient actif, ne d\u00e9passe pas 0,2% conform\u00e9ment \u00e0 la loi &#8902; Achetez maintenant sur marylabel.com\" \/>\n<meta name=\"twitter:image\" content=\"https:\/\/www.marylabel.com\/wp-content\/uploads\/op.marylabel-1.jpg\" \/>\n<meta name=\"twitter:site\" content=\"@Marylabel_it\" \/>\n<meta name=\"twitter:label1\" content=\"Dur\u00e9e de lecture estim\u00e9e\" \/>\n\t<meta name=\"twitter:data1\" content=\"1 minute\" \/>\n<script type=\"application\/ld+json\" class=\"yoast-schema-graph\">{\"@context\":\"https:\\\/\\\/schema.org\",\"@graph\":[{\"@type\":[\"WebPage\",\"ItemPage\"],\"@id\":\"https:\\\/\\\/www.marylabel.com\\\/fr\\\/product\\\/pollen-charas\\\/\",\"url\":\"https:\\\/\\\/www.marylabel.com\\\/fr\\\/product\\\/pollen-charas\\\/\",\"name\":\"CHARAS POLLEN INFIORESCENCES &#8902; Marijuana l\u00e9gale &#8902;\",\"isPartOf\":{\"@id\":\"https:\\\/\\\/www.marylabel.com\\\/fr\\\/#website\"},\"primaryImageOfPage\":{\"@id\":\"https:\\\/\\\/www.marylabel.com\\\/fr\\\/product\\\/pollen-charas\\\/#primaryimage\"},\"image\":{\"@id\":\"https:\\\/\\\/www.marylabel.com\\\/fr\\\/product\\\/pollen-charas\\\/#primaryimage\"},\"thumbnailUrl\":\"https:\\\/\\\/www.marylabel.com\\\/wp-content\\\/uploads\\\/2021\\\/10\\\/152773035_243847090738168_6475999971389893257_n.jpg\",\"datePublished\":\"2021-10-26T20:52:26+00:00\",\"dateModified\":\"2022-11-16T18:17:24+00:00\",\"description\":\"Charas POLLEN INFIORESCENCES\u00a0est une r\u00e9sine press\u00e9e obtenue en isolant les trichomes de Legal Sativa Hemp. Il vient avec une texture douce.\",\"breadcrumb\":{\"@id\":\"https:\\\/\\\/www.marylabel.com\\\/fr\\\/product\\\/pollen-charas\\\/#breadcrumb\"},\"inLanguage\":\"fr-FR\",\"potentialAction\":[{\"@type\":\"ReadAction\",\"target\":[\"https:\\\/\\\/www.marylabel.com\\\/fr\\\/product\\\/pollen-charas\\\/\"]}]},{\"@type\":\"ImageObject\",\"inLanguage\":\"fr-FR\",\"@id\":\"https:\\\/\\\/www.marylabel.com\\\/fr\\\/product\\\/pollen-charas\\\/#primaryimage\",\"url\":\"https:\\\/\\\/www.marylabel.com\\\/wp-content\\\/uploads\\\/2021\\\/10\\\/152773035_243847090738168_6475999971389893257_n.jpg\",\"contentUrl\":\"https:\\\/\\\/www.marylabel.com\\\/wp-content\\\/uploads\\\/2021\\\/10\\\/152773035_243847090738168_6475999971389893257_n.jpg\",\"width\":1080,\"height\":1080,\"caption\":\"CHARAS POLLEN INFIORESCENCES\"},{\"@type\":\"BreadcrumbList\",\"@id\":\"https:\\\/\\\/www.marylabel.com\\\/fr\\\/product\\\/pollen-charas\\\/#breadcrumb\",\"itemListElement\":[{\"@type\":\"ListItem\",\"position\":1,\"name\":\"Home\",\"item\":\"https:\\\/\\\/www.marylabel.com\\\/fr\\\/home\\\/\"},{\"@type\":\"ListItem\",\"position\":2,\"name\":\"Shop\",\"item\":\"https:\\\/\\\/www.marylabel.com\\\/negozio\\\/\"},{\"@type\":\"ListItem\",\"position\":3,\"name\":\"CHARAS POLLEN INFIORESCENCES\"}]},{\"@type\":\"WebSite\",\"@id\":\"https:\\\/\\\/www.marylabel.com\\\/fr\\\/#website\",\"url\":\"https:\\\/\\\/www.marylabel.com\\\/fr\\\/\",\"name\":\"Marylabel.com\",\"description\":\"Cannabis legale compra ora online\",\"publisher\":{\"@id\":\"https:\\\/\\\/www.marylabel.com\\\/fr\\\/#organization\"},\"alternateName\":\"www.marylabel.com\",\"potentialAction\":[{\"@type\":\"SearchAction\",\"target\":{\"@type\":\"EntryPoint\",\"urlTemplate\":\"https:\\\/\\\/www.marylabel.com\\\/fr\\\/?s={search_term_string}\"},\"query-input\":{\"@type\":\"PropertyValueSpecification\",\"valueRequired\":true,\"valueName\":\"search_term_string\"}}],\"inLanguage\":\"fr-FR\"},{\"@type\":\"Organization\",\"@id\":\"https:\\\/\\\/www.marylabel.com\\\/fr\\\/#organization\",\"name\":\"MaryLabel\",\"alternateName\":\"marylabel\",\"url\":\"https:\\\/\\\/www.marylabel.com\\\/fr\\\/\",\"logo\":{\"@type\":\"ImageObject\",\"inLanguage\":\"fr-FR\",\"@id\":\"https:\\\/\\\/www.marylabel.com\\\/fr\\\/#\\\/schema\\\/logo\\\/image\\\/\",\"url\":\"https:\\\/\\\/www.marylabel.com\\\/wp-content\\\/uploads\\\/op.marylabel.jpg\",\"contentUrl\":\"https:\\\/\\\/www.marylabel.com\\\/wp-content\\\/uploads\\\/op.marylabel.jpg\",\"width\":1200,\"height\":630,\"caption\":\"MaryLabel\"},\"image\":{\"@id\":\"https:\\\/\\\/www.marylabel.com\\\/fr\\\/#\\\/schema\\\/logo\\\/image\\\/\"},\"sameAs\":[\"https:\\\/\\\/www.facebook.com\\\/pages\\\/category\\\/Local-Business\\\/Mary-Label-Ventimiglia-2169750083288392\\\/\",\"https:\\\/\\\/x.com\\\/Marylabel_it\",\"https:\\\/\\\/www.instagram.com\\\/marylabelventimiglia\\\/?hl=it\"]}]}<\/script>\n<!-- \/ Yoast SEO plugin. -->","yoast_head_json":{"title":"CHARAS POLLEN INFIORESCENCES &#8902; Marijuana l\u00e9gale &#8902;","description":"Charas POLLEN INFIORESCENCES\u00a0est une r\u00e9sine press\u00e9e obtenue en isolant les trichomes de Legal Sativa Hemp. Il vient avec une texture douce.","robots":{"index":"index","follow":"follow","max-snippet":"max-snippet:-1","max-image-preview":"max-image-preview:large","max-video-preview":"max-video-preview:-1"},"canonical":"https:\/\/www.marylabel.com\/fr\/product\/pollen-charas\/","og_locale":"fr_FR","og_type":"article","og_title":"Marylabel &#8902; Acheter Marijuana L\u00e9gal &#8902; Marylabel.com","og_description":"Legal Marijuana Italy - Cannabis dont le THC, l'ingr\u00e9dient actif, ne d\u00e9passe pas 0,2% conform\u00e9ment \u00e0 la loi &#8902; Achetez maintenant sur marylabel.com","og_url":"https:\/\/www.marylabel.com\/fr\/product\/pollen-charas\/","og_site_name":"Marylabel.com","article_publisher":"https:\/\/www.facebook.com\/pages\/category\/Local-Business\/Mary-Label-Ventimiglia-2169750083288392\/","article_modified_time":"2022-11-16T18:17:24+00:00","og_image":[{"width":900,"height":450,"url":"https:\/\/www.marylabel.com\/wp-content\/uploads\/op.marylabel-1.jpg","type":"image\/jpeg"}],"twitter_card":"summary_large_image","twitter_title":"Marylabel &#8902; Acheter Marijuana L\u00e9gal &#8902; Marylabel.com","twitter_description":"Legal Marijuana Italy - Cannabis dont le THC, l'ingr\u00e9dient actif, ne d\u00e9passe pas 0,2% conform\u00e9ment \u00e0 la loi &#8902; Achetez maintenant sur marylabel.com","twitter_image":"https:\/\/www.marylabel.com\/wp-content\/uploads\/op.marylabel-1.jpg","twitter_site":"@Marylabel_it","twitter_misc":{"Dur\u00e9e de lecture estim\u00e9e":"1 minute"},"schema":{"@context":"https:\/\/schema.org","@graph":[{"@type":["WebPage","ItemPage"],"@id":"https:\/\/www.marylabel.com\/fr\/product\/pollen-charas\/","url":"https:\/\/www.marylabel.com\/fr\/product\/pollen-charas\/","name":"CHARAS POLLEN INFIORESCENCES &#8902; Marijuana l\u00e9gale &#8902;","isPartOf":{"@id":"https:\/\/www.marylabel.com\/fr\/#website"},"primaryImageOfPage":{"@id":"https:\/\/www.marylabel.com\/fr\/product\/pollen-charas\/#primaryimage"},"image":{"@id":"https:\/\/www.marylabel.com\/fr\/product\/pollen-charas\/#primaryimage"},"thumbnailUrl":"https:\/\/www.marylabel.com\/wp-content\/uploads\/2021\/10\/152773035_243847090738168_6475999971389893257_n.jpg","datePublished":"2021-10-26T20:52:26+00:00","dateModified":"2022-11-16T18:17:24+00:00","description":"Charas POLLEN INFIORESCENCES\u00a0est une r\u00e9sine press\u00e9e obtenue en isolant les trichomes de Legal Sativa Hemp. Il vient avec une texture douce.","breadcrumb":{"@id":"https:\/\/www.marylabel.com\/fr\/product\/pollen-charas\/#breadcrumb"},"inLanguage":"fr-FR","potentialAction":[{"@type":"ReadAction","target":["https:\/\/www.marylabel.com\/fr\/product\/pollen-charas\/"]}]},{"@type":"ImageObject","inLanguage":"fr-FR","@id":"https:\/\/www.marylabel.com\/fr\/product\/pollen-charas\/#primaryimage","url":"https:\/\/www.marylabel.com\/wp-content\/uploads\/2021\/10\/152773035_243847090738168_6475999971389893257_n.jpg","contentUrl":"https:\/\/www.marylabel.com\/wp-content\/uploads\/2021\/10\/152773035_243847090738168_6475999971389893257_n.jpg","width":1080,"height":1080,"caption":"CHARAS POLLEN INFIORESCENCES"},{"@type":"BreadcrumbList","@id":"https:\/\/www.marylabel.com\/fr\/product\/pollen-charas\/#breadcrumb","itemListElement":[{"@type":"ListItem","position":1,"name":"Home","item":"https:\/\/www.marylabel.com\/fr\/home\/"},{"@type":"ListItem","position":2,"name":"Shop","item":"https:\/\/www.marylabel.com\/negozio\/"},{"@type":"ListItem","position":3,"name":"CHARAS POLLEN INFIORESCENCES"}]},{"@type":"WebSite","@id":"https:\/\/www.marylabel.com\/fr\/#website","url":"https:\/\/www.marylabel.com\/fr\/","name":"Marylabel.com","description":"Cannabis legale compra ora online","publisher":{"@id":"https:\/\/www.marylabel.com\/fr\/#organization"},"alternateName":"www.marylabel.com","potentialAction":[{"@type":"SearchAction","target":{"@type":"EntryPoint","urlTemplate":"https:\/\/www.marylabel.com\/fr\/?s={search_term_string}"},"query-input":{"@type":"PropertyValueSpecification","valueRequired":true,"valueName":"search_term_string"}}],"inLanguage":"fr-FR"},{"@type":"Organization","@id":"https:\/\/www.marylabel.com\/fr\/#organization","name":"MaryLabel","alternateName":"marylabel","url":"https:\/\/www.marylabel.com\/fr\/","logo":{"@type":"ImageObject","inLanguage":"fr-FR","@id":"https:\/\/www.marylabel.com\/fr\/#\/schema\/logo\/image\/","url":"https:\/\/www.marylabel.com\/wp-content\/uploads\/op.marylabel.jpg","contentUrl":"https:\/\/www.marylabel.com\/wp-content\/uploads\/op.marylabel.jpg","width":1200,"height":630,"caption":"MaryLabel"},"image":{"@id":"https:\/\/www.marylabel.com\/fr\/#\/schema\/logo\/image\/"},"sameAs":["https:\/\/www.facebook.com\/pages\/category\/Local-Business\/Mary-Label-Ventimiglia-2169750083288392\/","https:\/\/x.com\/Marylabel_it","https:\/\/www.instagram.com\/marylabelventimiglia\/?hl=it"]}]}},"_links":{"self":[{"href":"https:\/\/www.marylabel.com\/fr\/wp-json\/wp\/v2\/product\/3788","targetHints":{"allow":["GET"]}}],"collection":[{"href":"https:\/\/www.marylabel.com\/fr\/wp-json\/wp\/v2\/product"}],"about":[{"href":"https:\/\/www.marylabel.com\/fr\/wp-json\/wp\/v2\/types\/product"}],"replies":[{"embeddable":true,"href":"https:\/\/www.marylabel.com\/fr\/wp-json\/wp\/v2\/comments?post=3788"}],"wp:featuredmedia":[{"embeddable":true,"href":"https:\/\/www.marylabel.com\/fr\/wp-json\/wp\/v2\/media\/3795"}],"wp:attachment":[{"href":"https:\/\/www.marylabel.com\/fr\/wp-json\/wp\/v2\/media?parent=3788"}],"wp:term":[{"taxonomy":"product_brand","embeddable":true,"href":"https:\/\/www.marylabel.com\/fr\/wp-json\/wp\/v2\/product_brand?post=3788"},{"taxonomy":"product_cat","embeddable":true,"href":"https:\/\/www.marylabel.com\/fr\/wp-json\/wp\/v2\/product_cat?post=3788"},{"taxonomy":"product_tag","embeddable":true,"href":"https:\/\/www.marylabel.com\/fr\/wp-json\/wp\/v2\/product_tag?post=3788"}],"curies":[{"name":"wp","href":"https:\/\/api.w.org\/{rel}","templated":true}]}}