{"id":3602,"date":"2021-01-21T08:28:19","date_gmt":"2021-01-21T07:28:19","guid":{"rendered":"https:\/\/www.marylabel.com\/negozio\/non%20class\u00e9\/lemon-haze-10gr\/"},"modified":"2022-12-01T01:56:57","modified_gmt":"2022-12-01T00:56:57","slug":"cannabis-lemon-haze-10gr","status":"publish","type":"product","link":"https:\/\/www.marylabel.com\/fr\/product\/cannabis-lemon-haze-10gr\/","title":{"rendered":"CANNABIS LEMON HAZE"},"content":{"rendered":"<p>CANNABIS LEMON HAZE<\/p>\n<p>Cultivation <strong> GREEN HOUSE <\/strong><\/p>\n<p>valeurs <strong> THC 0,2% CBD 19% <\/strong><\/p>\n<p>Comme son nom l&rsquo;indique, l&rsquo;ar\u00f4me de cette plante est sa principale carte de visite. Ces fleurs ont un parfum tr\u00e8s diff\u00e9rent de tous les autres <a href=\"https:\/\/www.marylabel.com\/negozio\/\" rel=\"noopener\" target=\"_blank\">Light Cannabis<\/a> : son parfum est fort et intense avec un parfum clair d&rsquo;agrumes o\u00f9 le citron pr\u00e9domine ; ar\u00f4me que l&rsquo;on retrouve \u00e9galement dans l&rsquo;arri\u00e8re-go\u00fbt particuli\u00e8rement floral et avec une forte r\u00e9f\u00e9rence aux citronniers en fleurs. <a href=\"https:\/\/www.google.com\/search?q=marylabel.com&#038;client\" rel=\"noopener\" target=\"_blank\">Marylabel.com<\/a><\/p>\n","protected":false},"excerpt":{"rendered":"<p>Coltivazione <strong> GREEN HOUSE <\/strong><\/p>\n<p>Valori <strong> THC 0,2% CBD 19% <\/strong><\/p>\n<p>Come chiama lascia intuire, l&rsquo;aroma di questa pianta \u00e8 il suo principal biglietto da visita. Questi fiori hanno una fragranza molto diversa da tutte le altre Cannabis Light: il suo profumo \u00e8 <b> forte <\/b> e <b> intenso <\/b> con un chiaro <b> sentore di agrumi <\/b> dove predomina quello di limone; aroma che ritroviamo anche nel retrogusto particolarmente floreale e con un forte richiamo ai limoneti in fiore.<\/p>\n","protected":false},"featured_media":3678,"comment_status":"open","ping_status":"closed","template":"","meta":[],"product_brand":[],"product_cat":[130],"product_tag":[141,142,145,162,154,158,153],"class_list":{"0":"post-3602","1":"product","2":"type-product","3":"status-publish","4":"has-post-thumbnail","6":"product_cat-inflorescences","7":"product_tag-cannabis-fr","8":"product_tag-cbd-fr","9":"product_tag-fleur","10":"product_tag-lemon-haze-fr","11":"product_tag-light-fr","12":"product_tag-mary-label-fr","13":"product_tag-weed-fr","15":"first","16":"instock","17":"sale","18":"shipping-taxable","19":"purchasable","20":"product-type-variable"},"yoast_head":"<!-- This site is optimized with the Yoast SEO plugin v27.5 - https:\/\/yoast.com\/product\/yoast-seo-wordpress\/ -->\n<title>CANNABIS LEMON HAZE &#8902; Cannabis 100% l\u00e9gal Marylabel.com<\/title>\n<meta name=\"description\" content=\"CANNABIS LEMON HAZE, Ces fleurs ont un parfum tr\u00e8s diff\u00e9rent. son odeur est forte et intense avec un ar\u00f4me clair d&#039;agrumes.\" \/>\n<meta name=\"robots\" content=\"index, follow, max-snippet:-1, max-image-preview:large, max-video-preview:-1\" \/>\n<link rel=\"canonical\" href=\"https:\/\/www.marylabel.com\/fr\/product\/cannabis-lemon-haze-10gr\/\" \/>\n<meta property=\"og:locale\" content=\"fr_FR\" \/>\n<meta property=\"og:type\" content=\"article\" \/>\n<meta property=\"og:title\" content=\"MaryLabel &#8902; Acquista Marijuana Legal &#8902; Marylabel.com\" \/>\n<meta property=\"og:description\" content=\"Marijuana legale Italia - Cannabis con THC, il principio attivo, non superiore allo 0,2% come da legge &#8902; Acquista ora su marylabel.com\" \/>\n<meta property=\"og:url\" content=\"https:\/\/www.marylabel.com\/fr\/product\/cannabis-lemon-haze-10gr\/\" \/>\n<meta property=\"og:site_name\" content=\"Marylabel.com\" \/>\n<meta property=\"article:publisher\" content=\"https:\/\/www.facebook.com\/pages\/category\/Local-Business\/Mary-Label-Ventimiglia-2169750083288392\/\" \/>\n<meta property=\"article:modified_time\" content=\"2022-12-01T00:56:57+00:00\" \/>\n<meta property=\"og:image\" content=\"https:\/\/www.marylabel.com\/wp-content\/uploads\/op.marylabel-1.jpg\" \/>\n\t<meta property=\"og:image:width\" content=\"900\" \/>\n\t<meta property=\"og:image:height\" content=\"450\" \/>\n\t<meta property=\"og:image:type\" content=\"image\/jpeg\" \/>\n<meta name=\"twitter:card\" content=\"summary_large_image\" \/>\n<meta name=\"twitter:title\" content=\"MaryLabel &#8902; Acquista Marijuana Legal &#8902; Marylabel.com\" \/>\n<meta name=\"twitter:description\" content=\"Marijuana legale Italia - Cannabis con THC, il principio attivo, non superiore allo 0,2% come da legge &#8902; Acquista ora su marylabel.com\" \/>\n<meta name=\"twitter:image\" content=\"https:\/\/www.marylabel.com\/wp-content\/uploads\/op.marylabel-1.jpg\" \/>\n<meta name=\"twitter:site\" content=\"@Marylabel_it\" \/>\n<meta name=\"twitter:label1\" content=\"Dur\u00e9e de lecture estim\u00e9e\" \/>\n\t<meta name=\"twitter:data1\" content=\"1 minute\" \/>\n<script type=\"application\/ld+json\" class=\"yoast-schema-graph\">{\"@context\":\"https:\\\/\\\/schema.org\",\"@graph\":[{\"@type\":[\"WebPage\",\"ItemPage\"],\"@id\":\"https:\\\/\\\/www.marylabel.com\\\/fr\\\/product\\\/cannabis-lemon-haze-10gr\\\/\",\"url\":\"https:\\\/\\\/www.marylabel.com\\\/fr\\\/product\\\/cannabis-lemon-haze-10gr\\\/\",\"name\":\"CANNABIS LEMON HAZE &#8902; Cannabis 100% l\u00e9gal Marylabel.com\",\"isPartOf\":{\"@id\":\"https:\\\/\\\/www.marylabel.com\\\/fr\\\/#website\"},\"primaryImageOfPage\":{\"@id\":\"https:\\\/\\\/www.marylabel.com\\\/fr\\\/product\\\/cannabis-lemon-haze-10gr\\\/#primaryimage\"},\"image\":{\"@id\":\"https:\\\/\\\/www.marylabel.com\\\/fr\\\/product\\\/cannabis-lemon-haze-10gr\\\/#primaryimage\"},\"thumbnailUrl\":\"https:\\\/\\\/www.marylabel.com\\\/wp-content\\\/uploads\\\/2021\\\/01\\\/LEMON-scaled-e1669856307462.jpg\",\"datePublished\":\"2021-01-21T07:28:19+00:00\",\"dateModified\":\"2022-12-01T00:56:57+00:00\",\"description\":\"CANNABIS LEMON HAZE, Ces fleurs ont un parfum tr\u00e8s diff\u00e9rent. son odeur est forte et intense avec un ar\u00f4me clair d'agrumes.\",\"breadcrumb\":{\"@id\":\"https:\\\/\\\/www.marylabel.com\\\/fr\\\/product\\\/cannabis-lemon-haze-10gr\\\/#breadcrumb\"},\"inLanguage\":\"fr-FR\",\"potentialAction\":[{\"@type\":\"ReadAction\",\"target\":[\"https:\\\/\\\/www.marylabel.com\\\/fr\\\/product\\\/cannabis-lemon-haze-10gr\\\/\"]}]},{\"@type\":\"ImageObject\",\"inLanguage\":\"fr-FR\",\"@id\":\"https:\\\/\\\/www.marylabel.com\\\/fr\\\/product\\\/cannabis-lemon-haze-10gr\\\/#primaryimage\",\"url\":\"https:\\\/\\\/www.marylabel.com\\\/wp-content\\\/uploads\\\/2021\\\/01\\\/LEMON-scaled-e1669856307462.jpg\",\"contentUrl\":\"https:\\\/\\\/www.marylabel.com\\\/wp-content\\\/uploads\\\/2021\\\/01\\\/LEMON-scaled-e1669856307462.jpg\",\"width\":1506,\"height\":1920,\"caption\":\"CANNABIS LEMON HAZE\"},{\"@type\":\"BreadcrumbList\",\"@id\":\"https:\\\/\\\/www.marylabel.com\\\/fr\\\/product\\\/cannabis-lemon-haze-10gr\\\/#breadcrumb\",\"itemListElement\":[{\"@type\":\"ListItem\",\"position\":1,\"name\":\"Home\",\"item\":\"https:\\\/\\\/www.marylabel.com\\\/fr\\\/home\\\/\"},{\"@type\":\"ListItem\",\"position\":2,\"name\":\"Shop\",\"item\":\"https:\\\/\\\/www.marylabel.com\\\/negozio\\\/\"},{\"@type\":\"ListItem\",\"position\":3,\"name\":\"CANNABIS LEMON HAZE\"}]},{\"@type\":\"WebSite\",\"@id\":\"https:\\\/\\\/www.marylabel.com\\\/fr\\\/#website\",\"url\":\"https:\\\/\\\/www.marylabel.com\\\/fr\\\/\",\"name\":\"Marylabel.com\",\"description\":\"Cannabis legale compra ora online\",\"publisher\":{\"@id\":\"https:\\\/\\\/www.marylabel.com\\\/fr\\\/#organization\"},\"alternateName\":\"www.marylabel.com\",\"potentialAction\":[{\"@type\":\"SearchAction\",\"target\":{\"@type\":\"EntryPoint\",\"urlTemplate\":\"https:\\\/\\\/www.marylabel.com\\\/fr\\\/?s={search_term_string}\"},\"query-input\":{\"@type\":\"PropertyValueSpecification\",\"valueRequired\":true,\"valueName\":\"search_term_string\"}}],\"inLanguage\":\"fr-FR\"},{\"@type\":\"Organization\",\"@id\":\"https:\\\/\\\/www.marylabel.com\\\/fr\\\/#organization\",\"name\":\"MaryLabel\",\"alternateName\":\"marylabel\",\"url\":\"https:\\\/\\\/www.marylabel.com\\\/fr\\\/\",\"logo\":{\"@type\":\"ImageObject\",\"inLanguage\":\"fr-FR\",\"@id\":\"https:\\\/\\\/www.marylabel.com\\\/fr\\\/#\\\/schema\\\/logo\\\/image\\\/\",\"url\":\"https:\\\/\\\/www.marylabel.com\\\/wp-content\\\/uploads\\\/op.marylabel.jpg\",\"contentUrl\":\"https:\\\/\\\/www.marylabel.com\\\/wp-content\\\/uploads\\\/op.marylabel.jpg\",\"width\":1200,\"height\":630,\"caption\":\"MaryLabel\"},\"image\":{\"@id\":\"https:\\\/\\\/www.marylabel.com\\\/fr\\\/#\\\/schema\\\/logo\\\/image\\\/\"},\"sameAs\":[\"https:\\\/\\\/www.facebook.com\\\/pages\\\/category\\\/Local-Business\\\/Mary-Label-Ventimiglia-2169750083288392\\\/\",\"https:\\\/\\\/x.com\\\/Marylabel_it\",\"https:\\\/\\\/www.instagram.com\\\/marylabelventimiglia\\\/?hl=it\"]}]}<\/script>\n<!-- \/ Yoast SEO plugin. -->","yoast_head_json":{"title":"CANNABIS LEMON HAZE &#8902; Cannabis 100% l\u00e9gal Marylabel.com","description":"CANNABIS LEMON HAZE, Ces fleurs ont un parfum tr\u00e8s diff\u00e9rent. son odeur est forte et intense avec un ar\u00f4me clair d'agrumes.","robots":{"index":"index","follow":"follow","max-snippet":"max-snippet:-1","max-image-preview":"max-image-preview:large","max-video-preview":"max-video-preview:-1"},"canonical":"https:\/\/www.marylabel.com\/fr\/product\/cannabis-lemon-haze-10gr\/","og_locale":"fr_FR","og_type":"article","og_title":"MaryLabel &#8902; Acquista Marijuana Legal &#8902; Marylabel.com","og_description":"Marijuana legale Italia - Cannabis con THC, il principio attivo, non superiore allo 0,2% come da legge &#8902; Acquista ora su marylabel.com","og_url":"https:\/\/www.marylabel.com\/fr\/product\/cannabis-lemon-haze-10gr\/","og_site_name":"Marylabel.com","article_publisher":"https:\/\/www.facebook.com\/pages\/category\/Local-Business\/Mary-Label-Ventimiglia-2169750083288392\/","article_modified_time":"2022-12-01T00:56:57+00:00","og_image":[{"width":900,"height":450,"url":"https:\/\/www.marylabel.com\/wp-content\/uploads\/op.marylabel-1.jpg","type":"image\/jpeg"}],"twitter_card":"summary_large_image","twitter_title":"MaryLabel &#8902; Acquista Marijuana Legal &#8902; Marylabel.com","twitter_description":"Marijuana legale Italia - Cannabis con THC, il principio attivo, non superiore allo 0,2% come da legge &#8902; Acquista ora su marylabel.com","twitter_image":"https:\/\/www.marylabel.com\/wp-content\/uploads\/op.marylabel-1.jpg","twitter_site":"@Marylabel_it","twitter_misc":{"Dur\u00e9e de lecture estim\u00e9e":"1 minute"},"schema":{"@context":"https:\/\/schema.org","@graph":[{"@type":["WebPage","ItemPage"],"@id":"https:\/\/www.marylabel.com\/fr\/product\/cannabis-lemon-haze-10gr\/","url":"https:\/\/www.marylabel.com\/fr\/product\/cannabis-lemon-haze-10gr\/","name":"CANNABIS LEMON HAZE &#8902; Cannabis 100% l\u00e9gal Marylabel.com","isPartOf":{"@id":"https:\/\/www.marylabel.com\/fr\/#website"},"primaryImageOfPage":{"@id":"https:\/\/www.marylabel.com\/fr\/product\/cannabis-lemon-haze-10gr\/#primaryimage"},"image":{"@id":"https:\/\/www.marylabel.com\/fr\/product\/cannabis-lemon-haze-10gr\/#primaryimage"},"thumbnailUrl":"https:\/\/www.marylabel.com\/wp-content\/uploads\/2021\/01\/LEMON-scaled-e1669856307462.jpg","datePublished":"2021-01-21T07:28:19+00:00","dateModified":"2022-12-01T00:56:57+00:00","description":"CANNABIS LEMON HAZE, Ces fleurs ont un parfum tr\u00e8s diff\u00e9rent. son odeur est forte et intense avec un ar\u00f4me clair d'agrumes.","breadcrumb":{"@id":"https:\/\/www.marylabel.com\/fr\/product\/cannabis-lemon-haze-10gr\/#breadcrumb"},"inLanguage":"fr-FR","potentialAction":[{"@type":"ReadAction","target":["https:\/\/www.marylabel.com\/fr\/product\/cannabis-lemon-haze-10gr\/"]}]},{"@type":"ImageObject","inLanguage":"fr-FR","@id":"https:\/\/www.marylabel.com\/fr\/product\/cannabis-lemon-haze-10gr\/#primaryimage","url":"https:\/\/www.marylabel.com\/wp-content\/uploads\/2021\/01\/LEMON-scaled-e1669856307462.jpg","contentUrl":"https:\/\/www.marylabel.com\/wp-content\/uploads\/2021\/01\/LEMON-scaled-e1669856307462.jpg","width":1506,"height":1920,"caption":"CANNABIS LEMON HAZE"},{"@type":"BreadcrumbList","@id":"https:\/\/www.marylabel.com\/fr\/product\/cannabis-lemon-haze-10gr\/#breadcrumb","itemListElement":[{"@type":"ListItem","position":1,"name":"Home","item":"https:\/\/www.marylabel.com\/fr\/home\/"},{"@type":"ListItem","position":2,"name":"Shop","item":"https:\/\/www.marylabel.com\/negozio\/"},{"@type":"ListItem","position":3,"name":"CANNABIS LEMON HAZE"}]},{"@type":"WebSite","@id":"https:\/\/www.marylabel.com\/fr\/#website","url":"https:\/\/www.marylabel.com\/fr\/","name":"Marylabel.com","description":"Cannabis legale compra ora online","publisher":{"@id":"https:\/\/www.marylabel.com\/fr\/#organization"},"alternateName":"www.marylabel.com","potentialAction":[{"@type":"SearchAction","target":{"@type":"EntryPoint","urlTemplate":"https:\/\/www.marylabel.com\/fr\/?s={search_term_string}"},"query-input":{"@type":"PropertyValueSpecification","valueRequired":true,"valueName":"search_term_string"}}],"inLanguage":"fr-FR"},{"@type":"Organization","@id":"https:\/\/www.marylabel.com\/fr\/#organization","name":"MaryLabel","alternateName":"marylabel","url":"https:\/\/www.marylabel.com\/fr\/","logo":{"@type":"ImageObject","inLanguage":"fr-FR","@id":"https:\/\/www.marylabel.com\/fr\/#\/schema\/logo\/image\/","url":"https:\/\/www.marylabel.com\/wp-content\/uploads\/op.marylabel.jpg","contentUrl":"https:\/\/www.marylabel.com\/wp-content\/uploads\/op.marylabel.jpg","width":1200,"height":630,"caption":"MaryLabel"},"image":{"@id":"https:\/\/www.marylabel.com\/fr\/#\/schema\/logo\/image\/"},"sameAs":["https:\/\/www.facebook.com\/pages\/category\/Local-Business\/Mary-Label-Ventimiglia-2169750083288392\/","https:\/\/x.com\/Marylabel_it","https:\/\/www.instagram.com\/marylabelventimiglia\/?hl=it"]}]}},"_links":{"self":[{"href":"https:\/\/www.marylabel.com\/fr\/wp-json\/wp\/v2\/product\/3602","targetHints":{"allow":["GET"]}}],"collection":[{"href":"https:\/\/www.marylabel.com\/fr\/wp-json\/wp\/v2\/product"}],"about":[{"href":"https:\/\/www.marylabel.com\/fr\/wp-json\/wp\/v2\/types\/product"}],"replies":[{"embeddable":true,"href":"https:\/\/www.marylabel.com\/fr\/wp-json\/wp\/v2\/comments?post=3602"}],"wp:featuredmedia":[{"embeddable":true,"href":"https:\/\/www.marylabel.com\/fr\/wp-json\/wp\/v2\/media\/3678"}],"wp:attachment":[{"href":"https:\/\/www.marylabel.com\/fr\/wp-json\/wp\/v2\/media?parent=3602"}],"wp:term":[{"taxonomy":"product_brand","embeddable":true,"href":"https:\/\/www.marylabel.com\/fr\/wp-json\/wp\/v2\/product_brand?post=3602"},{"taxonomy":"product_cat","embeddable":true,"href":"https:\/\/www.marylabel.com\/fr\/wp-json\/wp\/v2\/product_cat?post=3602"},{"taxonomy":"product_tag","embeddable":true,"href":"https:\/\/www.marylabel.com\/fr\/wp-json\/wp\/v2\/product_tag?post=3602"}],"curies":[{"name":"wp","href":"https:\/\/api.w.org\/{rel}","templated":true}]}}