{"id":3590,"date":"2021-01-22T14:18:55","date_gmt":"2021-01-22T13:18:55","guid":{"rendered":"https:\/\/www.marylabel.com\/negozio\/non%20class\u00e9\/silver-haze\/"},"modified":"2022-12-01T01:43:02","modified_gmt":"2022-12-01T00:43:02","slug":"silver-haze-infiorescences","status":"publish","type":"product","link":"https:\/\/www.marylabel.com\/fr\/product\/silver-haze-infiorescences\/","title":{"rendered":"Silver Haze Infiorescences"},"content":{"rendered":"<p>Silver Haze infiorescences<\/p>\n<p><strong> INT\u00c9RIEUR <\/strong><\/p>\n<p>culture<\/p>\n<p>Valeurs <strong> THC 0,2% CBD 25% <\/strong><\/p>\n<p>Super <b> Silver Haze CBD <\/b> de Greenhouse Seeds est un croisement \u00e0 dominance sativa de Super <b> Silver Haze <\/b> et d&rsquo;une g\u00e9n\u00e9tique riche en <b> CBD <\/b>. &#8230; Les effets de Super <b> Silver Haze CBD <\/b> sont bien adapt\u00e9s pour traiter des affections telles que la douleur chronique, le stress et l&rsquo;anxi\u00e9t\u00e9. Id\u00e9al pour faire de l&rsquo;huile de <a href=\"https:\/\/www.marylabel.com\/negozio\/\" rel=\"noopener\" target=\"_blank\">cannabis<\/a> th\u00e9rapeutique!. <a href=\"https:\/\/www.google.com\/search?q=marylabel.com&#038;client\" rel=\"noopener\" target=\"_blank\">Marylabel.com<\/a><\/p>\n","protected":false},"excerpt":{"rendered":"<p><strong> INT\u00c9RIEUR <\/strong><\/p>\n<p>culture<\/p>\n<p>Valeurs <strong> THC 0,2% CBD 25% <\/strong><\/p>\n<p>Super <b> Silver Haze CBD <\/b> de Greenhouse Seeds est un croisement \u00e0 dominance sativa de Super <b> Silver Haze <\/b> et d&rsquo;une g\u00e9n\u00e9tique riche en <b> CBD <\/b>. &#8230; Les effets de Super <b> Silver Haze CBD <\/b> sont bien adapt\u00e9s pour traiter des affections telles que la douleur chronique, le stress et l&rsquo;anxi\u00e9t\u00e9. Id\u00e9al pour faire de l&rsquo;huile de cannabis th\u00e9rapeutique!<\/p>\n","protected":false},"featured_media":3759,"comment_status":"open","ping_status":"closed","template":"","meta":[],"product_brand":[],"product_cat":[130,136],"product_tag":[139,141,142,145,137,160,154,158,161,153],"class_list":{"0":"post-3590","1":"product","2":"type-product","3":"status-publish","4":"has-post-thumbnail","6":"product_cat-inflorescences","7":"product_cat-non-classe","8":"product_tag-argentea-fr","9":"product_tag-cannabis-fr","10":"product_tag-cbd-fr","11":"product_tag-fleur","12":"product_tag-haze-fr","13":"product_tag-hybride","14":"product_tag-light-fr","15":"product_tag-mary-label-fr","16":"product_tag-silver-haze-fr","17":"product_tag-weed-fr","19":"first","20":"instock","21":"sale","22":"shipping-taxable","23":"purchasable","24":"product-type-variable"},"yoast_head":"<!-- This site is optimized with the Yoast SEO plugin v27.5 - https:\/\/yoast.com\/product\/yoast-seo-wordpress\/ -->\n<title>Silver Haze Infiorescences &#8902; Cannabis sativa &#8902; Marylabel.com<\/title>\n<meta name=\"description\" content=\"Super Silver Haze CBD de Greenhouse Seeds est un croisement \u00e0 dominance sativa de Super Silver Haze infiorescences et d&#039;une g\u00e9n\u00e9tique riche en CBD.\" \/>\n<meta name=\"robots\" content=\"index, follow, max-snippet:-1, max-image-preview:large, max-video-preview:-1\" \/>\n<link rel=\"canonical\" href=\"https:\/\/www.marylabel.com\/fr\/product\/silver-haze-infiorescences\/\" \/>\n<meta property=\"og:locale\" content=\"fr_FR\" \/>\n<meta property=\"og:type\" content=\"article\" \/>\n<meta property=\"og:title\" content=\"MaryLabel &#8902; Acquista Marijuana Legal &#8902; Marylabel.com\" \/>\n<meta property=\"og:description\" content=\"Marijuana legale Italia - Cannabis con THC, il principio attivo, non superiore allo 0,2% come da legge &#8902; Acquista ora su marylabel.com\" \/>\n<meta property=\"og:url\" content=\"https:\/\/www.marylabel.com\/fr\/product\/silver-haze-infiorescences\/\" \/>\n<meta property=\"og:site_name\" content=\"Marylabel.com\" \/>\n<meta property=\"article:publisher\" content=\"https:\/\/www.facebook.com\/pages\/category\/Local-Business\/Mary-Label-Ventimiglia-2169750083288392\/\" \/>\n<meta property=\"article:modified_time\" content=\"2022-12-01T00:43:02+00:00\" \/>\n<meta property=\"og:image\" content=\"https:\/\/www.marylabel.com\/wp-content\/uploads\/op.marylabel-1.jpg\" \/>\n\t<meta property=\"og:image:width\" content=\"900\" \/>\n\t<meta property=\"og:image:height\" content=\"450\" \/>\n\t<meta property=\"og:image:type\" content=\"image\/jpeg\" \/>\n<meta name=\"twitter:card\" content=\"summary_large_image\" \/>\n<meta name=\"twitter:title\" content=\"MaryLabel &#8902; Acquista Marijuana Legal &#8902; Marylabel.com\" \/>\n<meta name=\"twitter:description\" content=\"Marijuana legale Italia - Cannabis con THC, il principio attivo, non superiore allo 0,2% come da legge &#8902; Acquista ora su marylabel.com\" \/>\n<meta name=\"twitter:image\" content=\"https:\/\/www.marylabel.com\/wp-content\/uploads\/op.marylabel-1.jpg\" \/>\n<meta name=\"twitter:site\" content=\"@Marylabel_it\" \/>\n<meta name=\"twitter:label1\" content=\"Dur\u00e9e de lecture estim\u00e9e\" \/>\n\t<meta name=\"twitter:data1\" content=\"1 minute\" \/>\n<script type=\"application\/ld+json\" class=\"yoast-schema-graph\">{\"@context\":\"https:\\\/\\\/schema.org\",\"@graph\":[{\"@type\":[\"WebPage\",\"ItemPage\"],\"@id\":\"https:\\\/\\\/www.marylabel.com\\\/fr\\\/product\\\/silver-haze-infiorescences\\\/\",\"url\":\"https:\\\/\\\/www.marylabel.com\\\/fr\\\/product\\\/silver-haze-infiorescences\\\/\",\"name\":\"Silver Haze Infiorescences &#8902; Cannabis sativa &#8902; Marylabel.com\",\"isPartOf\":{\"@id\":\"https:\\\/\\\/www.marylabel.com\\\/fr\\\/#website\"},\"primaryImageOfPage\":{\"@id\":\"https:\\\/\\\/www.marylabel.com\\\/fr\\\/product\\\/silver-haze-infiorescences\\\/#primaryimage\"},\"image\":{\"@id\":\"https:\\\/\\\/www.marylabel.com\\\/fr\\\/product\\\/silver-haze-infiorescences\\\/#primaryimage\"},\"thumbnailUrl\":\"https:\\\/\\\/www.marylabel.com\\\/wp-content\\\/uploads\\\/2021\\\/01\\\/IMG-20211026-WA0036.jpg\",\"datePublished\":\"2021-01-22T13:18:55+00:00\",\"dateModified\":\"2022-12-01T00:43:02+00:00\",\"description\":\"Super Silver Haze CBD de Greenhouse Seeds est un croisement \u00e0 dominance sativa de Super Silver Haze infiorescences et d'une g\u00e9n\u00e9tique riche en CBD.\",\"breadcrumb\":{\"@id\":\"https:\\\/\\\/www.marylabel.com\\\/fr\\\/product\\\/silver-haze-infiorescences\\\/#breadcrumb\"},\"inLanguage\":\"fr-FR\",\"potentialAction\":[{\"@type\":\"ReadAction\",\"target\":[\"https:\\\/\\\/www.marylabel.com\\\/fr\\\/product\\\/silver-haze-infiorescences\\\/\"]}]},{\"@type\":\"ImageObject\",\"inLanguage\":\"fr-FR\",\"@id\":\"https:\\\/\\\/www.marylabel.com\\\/fr\\\/product\\\/silver-haze-infiorescences\\\/#primaryimage\",\"url\":\"https:\\\/\\\/www.marylabel.com\\\/wp-content\\\/uploads\\\/2021\\\/01\\\/IMG-20211026-WA0036.jpg\",\"contentUrl\":\"https:\\\/\\\/www.marylabel.com\\\/wp-content\\\/uploads\\\/2021\\\/01\\\/IMG-20211026-WA0036.jpg\",\"width\":960,\"height\":960,\"caption\":\"Silver Haze Infiorescences\"},{\"@type\":\"BreadcrumbList\",\"@id\":\"https:\\\/\\\/www.marylabel.com\\\/fr\\\/product\\\/silver-haze-infiorescences\\\/#breadcrumb\",\"itemListElement\":[{\"@type\":\"ListItem\",\"position\":1,\"name\":\"Home\",\"item\":\"https:\\\/\\\/www.marylabel.com\\\/fr\\\/home\\\/\"},{\"@type\":\"ListItem\",\"position\":2,\"name\":\"Shop\",\"item\":\"https:\\\/\\\/www.marylabel.com\\\/negozio\\\/\"},{\"@type\":\"ListItem\",\"position\":3,\"name\":\"Silver Haze Infiorescences\"}]},{\"@type\":\"WebSite\",\"@id\":\"https:\\\/\\\/www.marylabel.com\\\/fr\\\/#website\",\"url\":\"https:\\\/\\\/www.marylabel.com\\\/fr\\\/\",\"name\":\"Marylabel.com\",\"description\":\"Cannabis legale compra ora online\",\"publisher\":{\"@id\":\"https:\\\/\\\/www.marylabel.com\\\/fr\\\/#organization\"},\"alternateName\":\"www.marylabel.com\",\"potentialAction\":[{\"@type\":\"SearchAction\",\"target\":{\"@type\":\"EntryPoint\",\"urlTemplate\":\"https:\\\/\\\/www.marylabel.com\\\/fr\\\/?s={search_term_string}\"},\"query-input\":{\"@type\":\"PropertyValueSpecification\",\"valueRequired\":true,\"valueName\":\"search_term_string\"}}],\"inLanguage\":\"fr-FR\"},{\"@type\":\"Organization\",\"@id\":\"https:\\\/\\\/www.marylabel.com\\\/fr\\\/#organization\",\"name\":\"MaryLabel\",\"alternateName\":\"marylabel\",\"url\":\"https:\\\/\\\/www.marylabel.com\\\/fr\\\/\",\"logo\":{\"@type\":\"ImageObject\",\"inLanguage\":\"fr-FR\",\"@id\":\"https:\\\/\\\/www.marylabel.com\\\/fr\\\/#\\\/schema\\\/logo\\\/image\\\/\",\"url\":\"https:\\\/\\\/www.marylabel.com\\\/wp-content\\\/uploads\\\/op.marylabel.jpg\",\"contentUrl\":\"https:\\\/\\\/www.marylabel.com\\\/wp-content\\\/uploads\\\/op.marylabel.jpg\",\"width\":1200,\"height\":630,\"caption\":\"MaryLabel\"},\"image\":{\"@id\":\"https:\\\/\\\/www.marylabel.com\\\/fr\\\/#\\\/schema\\\/logo\\\/image\\\/\"},\"sameAs\":[\"https:\\\/\\\/www.facebook.com\\\/pages\\\/category\\\/Local-Business\\\/Mary-Label-Ventimiglia-2169750083288392\\\/\",\"https:\\\/\\\/x.com\\\/Marylabel_it\",\"https:\\\/\\\/www.instagram.com\\\/marylabelventimiglia\\\/?hl=it\"]}]}<\/script>\n<!-- \/ Yoast SEO plugin. -->","yoast_head_json":{"title":"Silver Haze Infiorescences &#8902; Cannabis sativa &#8902; Marylabel.com","description":"Super Silver Haze CBD de Greenhouse Seeds est un croisement \u00e0 dominance sativa de Super Silver Haze infiorescences et d'une g\u00e9n\u00e9tique riche en CBD.","robots":{"index":"index","follow":"follow","max-snippet":"max-snippet:-1","max-image-preview":"max-image-preview:large","max-video-preview":"max-video-preview:-1"},"canonical":"https:\/\/www.marylabel.com\/fr\/product\/silver-haze-infiorescences\/","og_locale":"fr_FR","og_type":"article","og_title":"MaryLabel &#8902; Acquista Marijuana Legal &#8902; Marylabel.com","og_description":"Marijuana legale Italia - Cannabis con THC, il principio attivo, non superiore allo 0,2% come da legge &#8902; Acquista ora su marylabel.com","og_url":"https:\/\/www.marylabel.com\/fr\/product\/silver-haze-infiorescences\/","og_site_name":"Marylabel.com","article_publisher":"https:\/\/www.facebook.com\/pages\/category\/Local-Business\/Mary-Label-Ventimiglia-2169750083288392\/","article_modified_time":"2022-12-01T00:43:02+00:00","og_image":[{"width":900,"height":450,"url":"https:\/\/www.marylabel.com\/wp-content\/uploads\/op.marylabel-1.jpg","type":"image\/jpeg"}],"twitter_card":"summary_large_image","twitter_title":"MaryLabel &#8902; Acquista Marijuana Legal &#8902; Marylabel.com","twitter_description":"Marijuana legale Italia - Cannabis con THC, il principio attivo, non superiore allo 0,2% come da legge &#8902; Acquista ora su marylabel.com","twitter_image":"https:\/\/www.marylabel.com\/wp-content\/uploads\/op.marylabel-1.jpg","twitter_site":"@Marylabel_it","twitter_misc":{"Dur\u00e9e de lecture estim\u00e9e":"1 minute"},"schema":{"@context":"https:\/\/schema.org","@graph":[{"@type":["WebPage","ItemPage"],"@id":"https:\/\/www.marylabel.com\/fr\/product\/silver-haze-infiorescences\/","url":"https:\/\/www.marylabel.com\/fr\/product\/silver-haze-infiorescences\/","name":"Silver Haze Infiorescences &#8902; Cannabis sativa &#8902; Marylabel.com","isPartOf":{"@id":"https:\/\/www.marylabel.com\/fr\/#website"},"primaryImageOfPage":{"@id":"https:\/\/www.marylabel.com\/fr\/product\/silver-haze-infiorescences\/#primaryimage"},"image":{"@id":"https:\/\/www.marylabel.com\/fr\/product\/silver-haze-infiorescences\/#primaryimage"},"thumbnailUrl":"https:\/\/www.marylabel.com\/wp-content\/uploads\/2021\/01\/IMG-20211026-WA0036.jpg","datePublished":"2021-01-22T13:18:55+00:00","dateModified":"2022-12-01T00:43:02+00:00","description":"Super Silver Haze CBD de Greenhouse Seeds est un croisement \u00e0 dominance sativa de Super Silver Haze infiorescences et d'une g\u00e9n\u00e9tique riche en CBD.","breadcrumb":{"@id":"https:\/\/www.marylabel.com\/fr\/product\/silver-haze-infiorescences\/#breadcrumb"},"inLanguage":"fr-FR","potentialAction":[{"@type":"ReadAction","target":["https:\/\/www.marylabel.com\/fr\/product\/silver-haze-infiorescences\/"]}]},{"@type":"ImageObject","inLanguage":"fr-FR","@id":"https:\/\/www.marylabel.com\/fr\/product\/silver-haze-infiorescences\/#primaryimage","url":"https:\/\/www.marylabel.com\/wp-content\/uploads\/2021\/01\/IMG-20211026-WA0036.jpg","contentUrl":"https:\/\/www.marylabel.com\/wp-content\/uploads\/2021\/01\/IMG-20211026-WA0036.jpg","width":960,"height":960,"caption":"Silver Haze Infiorescences"},{"@type":"BreadcrumbList","@id":"https:\/\/www.marylabel.com\/fr\/product\/silver-haze-infiorescences\/#breadcrumb","itemListElement":[{"@type":"ListItem","position":1,"name":"Home","item":"https:\/\/www.marylabel.com\/fr\/home\/"},{"@type":"ListItem","position":2,"name":"Shop","item":"https:\/\/www.marylabel.com\/negozio\/"},{"@type":"ListItem","position":3,"name":"Silver Haze Infiorescences"}]},{"@type":"WebSite","@id":"https:\/\/www.marylabel.com\/fr\/#website","url":"https:\/\/www.marylabel.com\/fr\/","name":"Marylabel.com","description":"Cannabis legale compra ora online","publisher":{"@id":"https:\/\/www.marylabel.com\/fr\/#organization"},"alternateName":"www.marylabel.com","potentialAction":[{"@type":"SearchAction","target":{"@type":"EntryPoint","urlTemplate":"https:\/\/www.marylabel.com\/fr\/?s={search_term_string}"},"query-input":{"@type":"PropertyValueSpecification","valueRequired":true,"valueName":"search_term_string"}}],"inLanguage":"fr-FR"},{"@type":"Organization","@id":"https:\/\/www.marylabel.com\/fr\/#organization","name":"MaryLabel","alternateName":"marylabel","url":"https:\/\/www.marylabel.com\/fr\/","logo":{"@type":"ImageObject","inLanguage":"fr-FR","@id":"https:\/\/www.marylabel.com\/fr\/#\/schema\/logo\/image\/","url":"https:\/\/www.marylabel.com\/wp-content\/uploads\/op.marylabel.jpg","contentUrl":"https:\/\/www.marylabel.com\/wp-content\/uploads\/op.marylabel.jpg","width":1200,"height":630,"caption":"MaryLabel"},"image":{"@id":"https:\/\/www.marylabel.com\/fr\/#\/schema\/logo\/image\/"},"sameAs":["https:\/\/www.facebook.com\/pages\/category\/Local-Business\/Mary-Label-Ventimiglia-2169750083288392\/","https:\/\/x.com\/Marylabel_it","https:\/\/www.instagram.com\/marylabelventimiglia\/?hl=it"]}]}},"_links":{"self":[{"href":"https:\/\/www.marylabel.com\/fr\/wp-json\/wp\/v2\/product\/3590","targetHints":{"allow":["GET"]}}],"collection":[{"href":"https:\/\/www.marylabel.com\/fr\/wp-json\/wp\/v2\/product"}],"about":[{"href":"https:\/\/www.marylabel.com\/fr\/wp-json\/wp\/v2\/types\/product"}],"replies":[{"embeddable":true,"href":"https:\/\/www.marylabel.com\/fr\/wp-json\/wp\/v2\/comments?post=3590"}],"wp:featuredmedia":[{"embeddable":true,"href":"https:\/\/www.marylabel.com\/fr\/wp-json\/wp\/v2\/media\/3759"}],"wp:attachment":[{"href":"https:\/\/www.marylabel.com\/fr\/wp-json\/wp\/v2\/media?parent=3590"}],"wp:term":[{"taxonomy":"product_brand","embeddable":true,"href":"https:\/\/www.marylabel.com\/fr\/wp-json\/wp\/v2\/product_brand?post=3590"},{"taxonomy":"product_cat","embeddable":true,"href":"https:\/\/www.marylabel.com\/fr\/wp-json\/wp\/v2\/product_cat?post=3590"},{"taxonomy":"product_tag","embeddable":true,"href":"https:\/\/www.marylabel.com\/fr\/wp-json\/wp\/v2\/product_tag?post=3590"}],"curies":[{"name":"wp","href":"https:\/\/api.w.org\/{rel}","templated":true}]}}