{"id":3571,"date":"2021-01-28T22:07:45","date_gmt":"2021-01-28T21:07:45","guid":{"rendered":"https:\/\/www.marylabel.com\/negozio\/non%20class\u00e9\/popcorn\/"},"modified":"2022-11-16T19:25:55","modified_gmt":"2022-11-16T18:25:55","slug":"small-bud-candy-marylabel","status":"publish","type":"product","link":"https:\/\/www.marylabel.com\/fr\/product\/small-bud-candy-marylabel\/","title":{"rendered":"SMALL BUD CANDY MARYLABEL"},"content":{"rendered":"<p>SMALL BUD CANDY MARYLABEL<\/p>\n<p>Culture <strong> SERRE <\/strong><\/p>\n<p>Valeurs <strong> THC 0,2% CBD 15% <\/strong><\/p>\n<p>Les t\u00eates de pop-corn sont des <a href=\"https:\/\/www.marylabel.com\/fr\/boutique\/\" rel=\"noopener\" target=\"_blank\">inflorescences<\/a> sous-d\u00e9velopp\u00e9es et a\u00e9r\u00e9es caract\u00e9ris\u00e9es par une forme similaire \u00e0, devinez quoi, un pop-corn. <strong> G\u00e9n\u00e9ralement, ces bourgeons se trouvent sur les branches inf\u00e9rieures des plantes, sous la canop\u00e9e principale. <\/strong> <a href=\"https:\/\/www.google.com\/search?q=marylabel.com&#038;client\" rel=\"noopener\" target=\"_blank\"><\/a><\/p>\n","protected":false},"excerpt":{"rendered":"<p>Culture <strong> SERRE <\/strong><\/p>\n<p>Valeurs <strong> THC 0,2% CBD 15% <\/strong><\/p>\n<p>Les t\u00eates de pop-corn sont des inflorescences sous-d\u00e9velopp\u00e9es et a\u00e9r\u00e9es caract\u00e9ris\u00e9es par une forme similaire \u00e0, devinez quoi, un pop-corn. <strong> G\u00e9n\u00e9ralement, ces bourgeons se trouvent sur les branches inf\u00e9rieures des plantes, sous la canop\u00e9e principale. <\/strong><\/p>\n","protected":false},"featured_media":3777,"comment_status":"open","ping_status":"closed","template":"","meta":[],"product_brand":[],"product_cat":[130,136],"product_tag":[141,142,145,154,156,155,153],"class_list":{"0":"post-3571","1":"product","2":"type-product","3":"status-publish","4":"has-post-thumbnail","6":"product_cat-inflorescences","7":"product_cat-non-classe","8":"product_tag-cannabis-fr","9":"product_tag-cbd-fr","10":"product_tag-fleur","11":"product_tag-light-fr","12":"product_tag-marylabel-fr","13":"product_tag-popcorn-fr","14":"product_tag-weed-fr","16":"first","17":"instock","18":"shipping-taxable","19":"purchasable","20":"product-type-variable"},"yoast_head":"<!-- This site is optimized with the Yoast SEO plugin v27.5 - https:\/\/yoast.com\/product\/yoast-seo-wordpress\/ -->\n<title>SMALL BUD CANDY MARYLABEL &#8902; Vente CBD &#8902; Marylabel.com<\/title>\n<meta name=\"description\" content=\"SMALL BUD CANDY MARYLABEL est le Cannabis Light de qualit\u00e9 compos\u00e9 d&#039;un m\u00e9lange de petits bourgeons juteux de nos meilleures qualit\u00e9s.\" \/>\n<meta name=\"robots\" content=\"index, follow, max-snippet:-1, max-image-preview:large, max-video-preview:-1\" \/>\n<link rel=\"canonical\" href=\"https:\/\/www.marylabel.com\/fr\/product\/small-bud-candy-marylabel\/\" \/>\n<meta property=\"og:locale\" content=\"fr_FR\" \/>\n<meta property=\"og:type\" content=\"article\" \/>\n<meta property=\"og:title\" content=\"Marylabel &#8902; Acheter Marijuana L\u00e9gal &#8902; Marylabel.com\" \/>\n<meta property=\"og:description\" content=\"Legal Marijuana Italy - Cannabis dont le THC, l&#039;ingr\u00e9dient actif, ne d\u00e9passe pas 0,2% conform\u00e9ment \u00e0 la loi &#8902; Achetez maintenant sur marylabel.com\" \/>\n<meta property=\"og:url\" content=\"https:\/\/www.marylabel.com\/fr\/product\/small-bud-candy-marylabel\/\" \/>\n<meta property=\"og:site_name\" content=\"Marylabel.com\" \/>\n<meta property=\"article:publisher\" content=\"https:\/\/www.facebook.com\/pages\/category\/Local-Business\/Mary-Label-Ventimiglia-2169750083288392\/\" \/>\n<meta property=\"article:modified_time\" content=\"2022-11-16T18:25:55+00:00\" \/>\n<meta property=\"og:image\" content=\"https:\/\/www.marylabel.com\/wp-content\/uploads\/op.marylabel-1.jpg\" \/>\n\t<meta property=\"og:image:width\" content=\"900\" \/>\n\t<meta property=\"og:image:height\" content=\"450\" \/>\n\t<meta property=\"og:image:type\" content=\"image\/jpeg\" \/>\n<meta name=\"twitter:card\" content=\"summary_large_image\" \/>\n<meta name=\"twitter:title\" content=\"Marylabel &#8902; Acheter Marijuana L\u00e9gal &#8902; Marylabel.com\" \/>\n<meta name=\"twitter:description\" content=\"Legal Marijuana Italy - Cannabis dont le THC, l&#039;ingr\u00e9dient actif, ne d\u00e9passe pas 0,2% conform\u00e9ment \u00e0 la loi &#8902; Achetez maintenant sur marylabel.com\" \/>\n<meta name=\"twitter:image\" content=\"https:\/\/www.marylabel.com\/wp-content\/uploads\/op.marylabel-1.jpg\" \/>\n<meta name=\"twitter:site\" content=\"@Marylabel_it\" \/>\n<meta name=\"twitter:label1\" content=\"Dur\u00e9e de lecture estim\u00e9e\" \/>\n\t<meta name=\"twitter:data1\" content=\"1 minute\" \/>\n<script type=\"application\/ld+json\" class=\"yoast-schema-graph\">{\"@context\":\"https:\\\/\\\/schema.org\",\"@graph\":[{\"@type\":[\"WebPage\",\"ItemPage\"],\"@id\":\"https:\\\/\\\/www.marylabel.com\\\/fr\\\/product\\\/small-bud-candy-marylabel\\\/\",\"url\":\"https:\\\/\\\/www.marylabel.com\\\/fr\\\/product\\\/small-bud-candy-marylabel\\\/\",\"name\":\"SMALL BUD CANDY MARYLABEL &#8902; Vente CBD &#8902; Marylabel.com\",\"isPartOf\":{\"@id\":\"https:\\\/\\\/www.marylabel.com\\\/fr\\\/#website\"},\"primaryImageOfPage\":{\"@id\":\"https:\\\/\\\/www.marylabel.com\\\/fr\\\/product\\\/small-bud-candy-marylabel\\\/#primaryimage\"},\"image\":{\"@id\":\"https:\\\/\\\/www.marylabel.com\\\/fr\\\/product\\\/small-bud-candy-marylabel\\\/#primaryimage\"},\"thumbnailUrl\":\"https:\\\/\\\/www.marylabel.com\\\/wp-content\\\/uploads\\\/2021\\\/01\\\/IMG-20211026-WA0286.jpg\",\"datePublished\":\"2021-01-28T21:07:45+00:00\",\"dateModified\":\"2022-11-16T18:25:55+00:00\",\"description\":\"SMALL BUD CANDY MARYLABEL est le Cannabis Light de qualit\u00e9 compos\u00e9 d'un m\u00e9lange de petits bourgeons juteux de nos meilleures qualit\u00e9s.\",\"breadcrumb\":{\"@id\":\"https:\\\/\\\/www.marylabel.com\\\/fr\\\/product\\\/small-bud-candy-marylabel\\\/#breadcrumb\"},\"inLanguage\":\"fr-FR\",\"potentialAction\":[{\"@type\":\"ReadAction\",\"target\":[\"https:\\\/\\\/www.marylabel.com\\\/fr\\\/product\\\/small-bud-candy-marylabel\\\/\"]}]},{\"@type\":\"ImageObject\",\"inLanguage\":\"fr-FR\",\"@id\":\"https:\\\/\\\/www.marylabel.com\\\/fr\\\/product\\\/small-bud-candy-marylabel\\\/#primaryimage\",\"url\":\"https:\\\/\\\/www.marylabel.com\\\/wp-content\\\/uploads\\\/2021\\\/01\\\/IMG-20211026-WA0286.jpg\",\"contentUrl\":\"https:\\\/\\\/www.marylabel.com\\\/wp-content\\\/uploads\\\/2021\\\/01\\\/IMG-20211026-WA0286.jpg\",\"width\":960,\"height\":960,\"caption\":\"Small Bud Candy\"},{\"@type\":\"BreadcrumbList\",\"@id\":\"https:\\\/\\\/www.marylabel.com\\\/fr\\\/product\\\/small-bud-candy-marylabel\\\/#breadcrumb\",\"itemListElement\":[{\"@type\":\"ListItem\",\"position\":1,\"name\":\"Home\",\"item\":\"https:\\\/\\\/www.marylabel.com\\\/fr\\\/home\\\/\"},{\"@type\":\"ListItem\",\"position\":2,\"name\":\"Shop\",\"item\":\"https:\\\/\\\/www.marylabel.com\\\/negozio\\\/\"},{\"@type\":\"ListItem\",\"position\":3,\"name\":\"SMALL BUD CANDY MARYLABEL\"}]},{\"@type\":\"WebSite\",\"@id\":\"https:\\\/\\\/www.marylabel.com\\\/fr\\\/#website\",\"url\":\"https:\\\/\\\/www.marylabel.com\\\/fr\\\/\",\"name\":\"Marylabel.com\",\"description\":\"Cannabis legale compra ora online\",\"publisher\":{\"@id\":\"https:\\\/\\\/www.marylabel.com\\\/fr\\\/#organization\"},\"alternateName\":\"www.marylabel.com\",\"potentialAction\":[{\"@type\":\"SearchAction\",\"target\":{\"@type\":\"EntryPoint\",\"urlTemplate\":\"https:\\\/\\\/www.marylabel.com\\\/fr\\\/?s={search_term_string}\"},\"query-input\":{\"@type\":\"PropertyValueSpecification\",\"valueRequired\":true,\"valueName\":\"search_term_string\"}}],\"inLanguage\":\"fr-FR\"},{\"@type\":\"Organization\",\"@id\":\"https:\\\/\\\/www.marylabel.com\\\/fr\\\/#organization\",\"name\":\"MaryLabel\",\"alternateName\":\"marylabel\",\"url\":\"https:\\\/\\\/www.marylabel.com\\\/fr\\\/\",\"logo\":{\"@type\":\"ImageObject\",\"inLanguage\":\"fr-FR\",\"@id\":\"https:\\\/\\\/www.marylabel.com\\\/fr\\\/#\\\/schema\\\/logo\\\/image\\\/\",\"url\":\"https:\\\/\\\/www.marylabel.com\\\/wp-content\\\/uploads\\\/op.marylabel.jpg\",\"contentUrl\":\"https:\\\/\\\/www.marylabel.com\\\/wp-content\\\/uploads\\\/op.marylabel.jpg\",\"width\":1200,\"height\":630,\"caption\":\"MaryLabel\"},\"image\":{\"@id\":\"https:\\\/\\\/www.marylabel.com\\\/fr\\\/#\\\/schema\\\/logo\\\/image\\\/\"},\"sameAs\":[\"https:\\\/\\\/www.facebook.com\\\/pages\\\/category\\\/Local-Business\\\/Mary-Label-Ventimiglia-2169750083288392\\\/\",\"https:\\\/\\\/x.com\\\/Marylabel_it\",\"https:\\\/\\\/www.instagram.com\\\/marylabelventimiglia\\\/?hl=it\"]}]}<\/script>\n<!-- \/ Yoast SEO plugin. -->","yoast_head_json":{"title":"SMALL BUD CANDY MARYLABEL &#8902; Vente CBD &#8902; Marylabel.com","description":"SMALL BUD CANDY MARYLABEL est le Cannabis Light de qualit\u00e9 compos\u00e9 d'un m\u00e9lange de petits bourgeons juteux de nos meilleures qualit\u00e9s.","robots":{"index":"index","follow":"follow","max-snippet":"max-snippet:-1","max-image-preview":"max-image-preview:large","max-video-preview":"max-video-preview:-1"},"canonical":"https:\/\/www.marylabel.com\/fr\/product\/small-bud-candy-marylabel\/","og_locale":"fr_FR","og_type":"article","og_title":"Marylabel &#8902; Acheter Marijuana L\u00e9gal &#8902; Marylabel.com","og_description":"Legal Marijuana Italy - Cannabis dont le THC, l'ingr\u00e9dient actif, ne d\u00e9passe pas 0,2% conform\u00e9ment \u00e0 la loi &#8902; Achetez maintenant sur marylabel.com","og_url":"https:\/\/www.marylabel.com\/fr\/product\/small-bud-candy-marylabel\/","og_site_name":"Marylabel.com","article_publisher":"https:\/\/www.facebook.com\/pages\/category\/Local-Business\/Mary-Label-Ventimiglia-2169750083288392\/","article_modified_time":"2022-11-16T18:25:55+00:00","og_image":[{"width":900,"height":450,"url":"https:\/\/www.marylabel.com\/wp-content\/uploads\/op.marylabel-1.jpg","type":"image\/jpeg"}],"twitter_card":"summary_large_image","twitter_title":"Marylabel &#8902; Acheter Marijuana L\u00e9gal &#8902; Marylabel.com","twitter_description":"Legal Marijuana Italy - Cannabis dont le THC, l'ingr\u00e9dient actif, ne d\u00e9passe pas 0,2% conform\u00e9ment \u00e0 la loi &#8902; Achetez maintenant sur marylabel.com","twitter_image":"https:\/\/www.marylabel.com\/wp-content\/uploads\/op.marylabel-1.jpg","twitter_site":"@Marylabel_it","twitter_misc":{"Dur\u00e9e de lecture estim\u00e9e":"1 minute"},"schema":{"@context":"https:\/\/schema.org","@graph":[{"@type":["WebPage","ItemPage"],"@id":"https:\/\/www.marylabel.com\/fr\/product\/small-bud-candy-marylabel\/","url":"https:\/\/www.marylabel.com\/fr\/product\/small-bud-candy-marylabel\/","name":"SMALL BUD CANDY MARYLABEL &#8902; Vente CBD &#8902; Marylabel.com","isPartOf":{"@id":"https:\/\/www.marylabel.com\/fr\/#website"},"primaryImageOfPage":{"@id":"https:\/\/www.marylabel.com\/fr\/product\/small-bud-candy-marylabel\/#primaryimage"},"image":{"@id":"https:\/\/www.marylabel.com\/fr\/product\/small-bud-candy-marylabel\/#primaryimage"},"thumbnailUrl":"https:\/\/www.marylabel.com\/wp-content\/uploads\/2021\/01\/IMG-20211026-WA0286.jpg","datePublished":"2021-01-28T21:07:45+00:00","dateModified":"2022-11-16T18:25:55+00:00","description":"SMALL BUD CANDY MARYLABEL est le Cannabis Light de qualit\u00e9 compos\u00e9 d'un m\u00e9lange de petits bourgeons juteux de nos meilleures qualit\u00e9s.","breadcrumb":{"@id":"https:\/\/www.marylabel.com\/fr\/product\/small-bud-candy-marylabel\/#breadcrumb"},"inLanguage":"fr-FR","potentialAction":[{"@type":"ReadAction","target":["https:\/\/www.marylabel.com\/fr\/product\/small-bud-candy-marylabel\/"]}]},{"@type":"ImageObject","inLanguage":"fr-FR","@id":"https:\/\/www.marylabel.com\/fr\/product\/small-bud-candy-marylabel\/#primaryimage","url":"https:\/\/www.marylabel.com\/wp-content\/uploads\/2021\/01\/IMG-20211026-WA0286.jpg","contentUrl":"https:\/\/www.marylabel.com\/wp-content\/uploads\/2021\/01\/IMG-20211026-WA0286.jpg","width":960,"height":960,"caption":"Small Bud Candy"},{"@type":"BreadcrumbList","@id":"https:\/\/www.marylabel.com\/fr\/product\/small-bud-candy-marylabel\/#breadcrumb","itemListElement":[{"@type":"ListItem","position":1,"name":"Home","item":"https:\/\/www.marylabel.com\/fr\/home\/"},{"@type":"ListItem","position":2,"name":"Shop","item":"https:\/\/www.marylabel.com\/negozio\/"},{"@type":"ListItem","position":3,"name":"SMALL BUD CANDY MARYLABEL"}]},{"@type":"WebSite","@id":"https:\/\/www.marylabel.com\/fr\/#website","url":"https:\/\/www.marylabel.com\/fr\/","name":"Marylabel.com","description":"Cannabis legale compra ora online","publisher":{"@id":"https:\/\/www.marylabel.com\/fr\/#organization"},"alternateName":"www.marylabel.com","potentialAction":[{"@type":"SearchAction","target":{"@type":"EntryPoint","urlTemplate":"https:\/\/www.marylabel.com\/fr\/?s={search_term_string}"},"query-input":{"@type":"PropertyValueSpecification","valueRequired":true,"valueName":"search_term_string"}}],"inLanguage":"fr-FR"},{"@type":"Organization","@id":"https:\/\/www.marylabel.com\/fr\/#organization","name":"MaryLabel","alternateName":"marylabel","url":"https:\/\/www.marylabel.com\/fr\/","logo":{"@type":"ImageObject","inLanguage":"fr-FR","@id":"https:\/\/www.marylabel.com\/fr\/#\/schema\/logo\/image\/","url":"https:\/\/www.marylabel.com\/wp-content\/uploads\/op.marylabel.jpg","contentUrl":"https:\/\/www.marylabel.com\/wp-content\/uploads\/op.marylabel.jpg","width":1200,"height":630,"caption":"MaryLabel"},"image":{"@id":"https:\/\/www.marylabel.com\/fr\/#\/schema\/logo\/image\/"},"sameAs":["https:\/\/www.facebook.com\/pages\/category\/Local-Business\/Mary-Label-Ventimiglia-2169750083288392\/","https:\/\/x.com\/Marylabel_it","https:\/\/www.instagram.com\/marylabelventimiglia\/?hl=it"]}]}},"_links":{"self":[{"href":"https:\/\/www.marylabel.com\/fr\/wp-json\/wp\/v2\/product\/3571","targetHints":{"allow":["GET"]}}],"collection":[{"href":"https:\/\/www.marylabel.com\/fr\/wp-json\/wp\/v2\/product"}],"about":[{"href":"https:\/\/www.marylabel.com\/fr\/wp-json\/wp\/v2\/types\/product"}],"replies":[{"embeddable":true,"href":"https:\/\/www.marylabel.com\/fr\/wp-json\/wp\/v2\/comments?post=3571"}],"wp:featuredmedia":[{"embeddable":true,"href":"https:\/\/www.marylabel.com\/fr\/wp-json\/wp\/v2\/media\/3777"}],"wp:attachment":[{"href":"https:\/\/www.marylabel.com\/fr\/wp-json\/wp\/v2\/media?parent=3571"}],"wp:term":[{"taxonomy":"product_brand","embeddable":true,"href":"https:\/\/www.marylabel.com\/fr\/wp-json\/wp\/v2\/product_brand?post=3571"},{"taxonomy":"product_cat","embeddable":true,"href":"https:\/\/www.marylabel.com\/fr\/wp-json\/wp\/v2\/product_cat?post=3571"},{"taxonomy":"product_tag","embeddable":true,"href":"https:\/\/www.marylabel.com\/fr\/wp-json\/wp\/v2\/product_tag?post=3571"}],"curies":[{"name":"wp","href":"https:\/\/api.w.org\/{rel}","templated":true}]}}