{"id":3545,"date":"2021-04-13T16:33:20","date_gmt":"2021-04-13T14:33:20","guid":{"rendered":"https:\/\/www.marylabel.com\/lois\/"},"modified":"2022-11-19T17:10:06","modified_gmt":"2022-11-19T16:10:06","slug":"herbe-shop-france-lois","status":"publish","type":"page","link":"https:\/\/www.marylabel.com\/fr\/herbe-shop-france-lois\/","title":{"rendered":"Lois"},"content":{"rendered":"<h1>l&rsquo; herbe Shop France<\/h1>\n<p>l&rsquo; herbe Shop France 100% l\u00e9gal que nous vendons sont pr\u00e9cieux et les inflorescences peuvent \u00eatre achet\u00e9es avec des paiements via Paypal, carte bancaire. <a href=\"https:\/\/www.marylabel.com\/fr\/boutique\/\" target=\"_blank\" rel=\"noopener\">MaryLabel.com<\/a> package totalement anonyme.<\/p>\n<h2>l&rsquo; herbe Shop France<\/h2>\n<p>Le cannabis ou le chanvre <a href=\"https:\/\/www.google.fr\/search?q=marylabel.com&amp;source=hp&amp;ei=jGF0YIG-HZKoa6Gtnwg&amp;iflsig=AINFCbYAAAAAYHRvnP4JDLXUwEIceJq0PERZRzWp6uHS&amp;oq=marylabel.com&amp;gs_lcp=Cgdnd3Mtd2l6EAM6AggAOggILhDHARCjAjoCCC46CAguEMcBEK8BOgUILhCTAjoECC4QCjoHCC4QChCTAjoECAAQClDqB1jyO2CgPmgCcAB4AIABhAGIAbQMkgEENC4xMZgBAKABAaoBB2d3cy13aXo&amp;sclient=gws-wiz&amp;ved=0ahUKEwiBtOer_fjvAhUS1BoKHaHWBwEQ4dUDCAc&amp;uact=5\" target=\"_blank\" rel=\"noopener\">Mary Label<\/a> coexistent en harmonie avec l&rsquo;homme depuis toujours; utile dans la rotation des cultures en agriculture biologique de la plus haute qualit\u00e9.<\/p>\n<h4>CBD Shop France<\/h4>\n<p>cultiv\u00e9 en l&rsquo;absence de pesticides et d&rsquo;engrais, et utile dans la production textile, utile dans la navigation de plaisance, l&rsquo;hydraulique, <a href=\"https:\/\/www.google.fr\/search?q=marylabel.com&amp;source=hp&amp;ei=jGF0YIG-HZKoa6Gtnwg&amp;iflsig=AINFCbYAAAAAYHRvnP4JDLXUwEIceJq0PERZRzWp6uHS&amp;oq=marylabel.com&amp;gs_lcp=Cgdnd3Mtd2l6EAM6AggAOggILhDHARCjAjoCCC46CAguEMcBEK8BOgUILhCTAjoECC4QCjoHCC4QChCTAjoECAAQClDqB1jyO2CgPmgCcAB4AIABhAGIAbQMkgEENC4xMZgBAKABAaoBB2d3cy13aXo&amp;sclient=gws-wiz&amp;ved=0ahUKEwiBtOer_fjvAhUS1BoKHaHWBwEQ4dUDCAc&amp;uact=5\" target=\"_blank\" rel=\"noopener\">Mary Label<\/a><\/p>\n<h2>CBD Shop France<\/h2>\n<p>il est \u00e9galement utilis\u00e9 dans l&rsquo;industrie papeti\u00e8re, dans la construction, jusque-l\u00e0 au d\u00e9but du si\u00e8cle dernier en m\u00e9decine et, malheureusement, tr\u00e8s utile comme substitut du plastique et des combustibles fossiles; ces derniers sont les particularit\u00e9s qui l&rsquo;ont conduit \u00e0 \u00eatre interdit dans une grande partie du monde occidental dans les ann\u00e9es 1930.<\/p>\n<h2>CBD Shop France<\/h2>\n<p>Contrairement au 18e amendement, qui interdisait la production et la consommation d&rsquo;alcool dans les salons am\u00e9ricains entre 1919 et 1933, cr\u00e9\u00e9 pour des raisons \u00e9thiques, morales et civiles;<\/p>\n<h5>Marijuana l\u00e9gale en Italie<\/h5>\n<h3>CBD Shop France<\/h3>\n<p>les raisons \u00e9conomiques ont cr\u00e9\u00e9 l&rsquo;interdiction la plus durable et, particuli\u00e8rement insens\u00e9e, du si\u00e8cle dernier; en fait, avec le grand engagement et le d\u00e9vouement des plus grands magnats de l&rsquo;industrie am\u00e9ricaine, tels que DuPont et Rockefeller, aux \u00c9tats-Unis, <a href=\"https:\/\/www.marylabel.com\/fr\/boutique\/\" target=\"_blank\" rel=\"noopener\">MaryLabel.com<\/a> la Marjiuana Tax Act a \u00e9t\u00e9 promulgu\u00e9e en 1937, qui interdisait effectivement toute forme de production de cannabis aux \u00c9tats-Unis.<br \/>\nDepuis les \u00c9tats-Unis, l&rsquo;interdiction du cannabis a atteint l&rsquo;Europe avec la Convention de 1961 sur les stup\u00e9fiants sign\u00e9e \u00e0 New York. Peu de gens savent peut-\u00eatre que le<\/p>\n<h2>La marijuana l\u00e9gale en France<\/h2>\n<p>Convention sur les stup\u00e9fiants de 1961, ratifi\u00e9e le cannabis en francIa en 1974 et entr\u00e9e en vigueur depuis 1975, il est reconnu que \u00abl&rsquo;usage m\u00e9dical des drogues est indispensable pour soulager la douleur et que les mesures souhait\u00e9es doivent \u00eatre adopt\u00e9es.<\/p>\n<h3>La marijuana l\u00e9gale en France<\/h3>\n<h4><span class=\"themecolor\"> Mary Label Farm <\/span><\/h4>\n<p>Num\u00e9ro de TVA IT01697560082<\/p>\n<p class=\"big\">Via Cavour 8a,<br \/>\n18039 Vintimille (IM)<br \/>\nItalie,<\/p>\n<h4>Bienvenue chez Mary Label<\/h4>\n<p class=\"big\">L&rsquo;\u00e9quipe MaryLabel vous souhaite la bienvenue dans notre e-commerce<\/p>\n<p style=\"color: #ababab;\">vos demandes seront trait\u00e9es dans les 12 heures suivant leur envoi, les jours ouvrables.<br \/>\nPour des probl\u00e8mes d&rsquo;achat ou des demandes urgentes, veuillez appeler<br \/>\nau T\u00e9l.<\/p>\n<h2><a href=\"tel:+390183086479\" target=\"_blank\" rel=\"noopener noreferrer\"> Appelez-nous +39 3383356511 <\/a><\/h2>\n","protected":false},"excerpt":{"rendered":"<p>l&rsquo; herbe Shop France l&rsquo; herbe Shop France 100% l\u00e9gal que nous vendons sont pr\u00e9cieux et les inflorescences peuvent \u00eatre achet\u00e9es avec des paiements via Paypal,<span class=\"excerpt-hellip\"> [\u2026]<\/span><\/p>\n","protected":false},"author":1,"featured_media":0,"parent":0,"menu_order":23,"comment_status":"open","ping_status":"open","template":"","meta":{"footnotes":""},"class_list":["post-3545","page","type-page","status-publish","hentry"],"yoast_head":"<!-- This site is optimized with the Yoast SEO plugin v27.5 - https:\/\/yoast.com\/product\/yoast-seo-wordpress\/ -->\n<title>Shop The Herb France 100% Legal - Cannabis Light L\u00e9gal en France Marylabel.com<\/title>\n<meta name=\"description\" content=\"Shop The Herb France 100% - Le cannabis avec du THC, l&#039;ingr\u00e9dient actif, pas plus de 0,2% selon la loi, est en train de conqu\u00e9rir le march\u00e9.\" \/>\n<meta name=\"robots\" content=\"index, follow, max-snippet:-1, max-image-preview:large, max-video-preview:-1\" \/>\n<link rel=\"canonical\" href=\"https:\/\/www.marylabel.com\/fr\/herbe-shop-france-lois\/\" \/>\n<meta property=\"og:locale\" content=\"fr_FR\" \/>\n<meta property=\"og:type\" content=\"article\" \/>\n<meta property=\"og:title\" content=\"Shop The Herb France 100% Legal - Cannabis Light L\u00e9gal en France Marylabel.com\" \/>\n<meta property=\"og:description\" content=\"Shop The Herb France 100% - Le cannabis avec du THC, l&#039;ingr\u00e9dient actif, pas plus de 0,2% selon la loi, est en train de conqu\u00e9rir le march\u00e9.\" \/>\n<meta property=\"og:url\" content=\"https:\/\/www.marylabel.com\/fr\/herbe-shop-france-lois\/\" \/>\n<meta property=\"og:site_name\" content=\"Marylabel.com\" \/>\n<meta property=\"article:publisher\" content=\"https:\/\/www.facebook.com\/pages\/category\/Local-Business\/Mary-Label-Ventimiglia-2169750083288392\/\" \/>\n<meta property=\"article:modified_time\" content=\"2022-11-19T16:10:06+00:00\" \/>\n<meta name=\"twitter:card\" content=\"summary_large_image\" \/>\n<meta name=\"twitter:site\" content=\"@Marylabel_it\" \/>\n<meta name=\"twitter:label1\" content=\"Dur\u00e9e de lecture estim\u00e9e\" \/>\n\t<meta name=\"twitter:data1\" content=\"2 minutes\" \/>\n<script type=\"application\/ld+json\" class=\"yoast-schema-graph\">{\"@context\":\"https:\\\/\\\/schema.org\",\"@graph\":[{\"@type\":\"WebPage\",\"@id\":\"https:\\\/\\\/www.marylabel.com\\\/fr\\\/herbe-shop-france-lois\\\/\",\"url\":\"https:\\\/\\\/www.marylabel.com\\\/fr\\\/herbe-shop-france-lois\\\/\",\"name\":\"Shop The Herb France 100% Legal - Cannabis Light L\u00e9gal en France Marylabel.com\",\"isPartOf\":{\"@id\":\"https:\\\/\\\/www.marylabel.com\\\/fr\\\/#website\"},\"datePublished\":\"2021-04-13T14:33:20+00:00\",\"dateModified\":\"2022-11-19T16:10:06+00:00\",\"description\":\"Shop The Herb France 100% - Le cannabis avec du THC, l'ingr\u00e9dient actif, pas plus de 0,2% selon la loi, est en train de conqu\u00e9rir le march\u00e9.\",\"breadcrumb\":{\"@id\":\"https:\\\/\\\/www.marylabel.com\\\/fr\\\/herbe-shop-france-lois\\\/#breadcrumb\"},\"inLanguage\":\"fr-FR\",\"potentialAction\":[{\"@type\":\"ReadAction\",\"target\":[\"https:\\\/\\\/www.marylabel.com\\\/fr\\\/herbe-shop-france-lois\\\/\"]}]},{\"@type\":\"BreadcrumbList\",\"@id\":\"https:\\\/\\\/www.marylabel.com\\\/fr\\\/herbe-shop-france-lois\\\/#breadcrumb\",\"itemListElement\":[{\"@type\":\"ListItem\",\"position\":1,\"name\":\"Home\",\"item\":\"https:\\\/\\\/www.marylabel.com\\\/fr\\\/home\\\/\"},{\"@type\":\"ListItem\",\"position\":2,\"name\":\"Lois\"}]},{\"@type\":\"WebSite\",\"@id\":\"https:\\\/\\\/www.marylabel.com\\\/fr\\\/#website\",\"url\":\"https:\\\/\\\/www.marylabel.com\\\/fr\\\/\",\"name\":\"Marylabel.com\",\"description\":\"Cannabis legale compra ora online\",\"publisher\":{\"@id\":\"https:\\\/\\\/www.marylabel.com\\\/fr\\\/#organization\"},\"alternateName\":\"www.marylabel.com\",\"potentialAction\":[{\"@type\":\"SearchAction\",\"target\":{\"@type\":\"EntryPoint\",\"urlTemplate\":\"https:\\\/\\\/www.marylabel.com\\\/fr\\\/?s={search_term_string}\"},\"query-input\":{\"@type\":\"PropertyValueSpecification\",\"valueRequired\":true,\"valueName\":\"search_term_string\"}}],\"inLanguage\":\"fr-FR\"},{\"@type\":\"Organization\",\"@id\":\"https:\\\/\\\/www.marylabel.com\\\/fr\\\/#organization\",\"name\":\"MaryLabel\",\"alternateName\":\"marylabel\",\"url\":\"https:\\\/\\\/www.marylabel.com\\\/fr\\\/\",\"logo\":{\"@type\":\"ImageObject\",\"inLanguage\":\"fr-FR\",\"@id\":\"https:\\\/\\\/www.marylabel.com\\\/fr\\\/#\\\/schema\\\/logo\\\/image\\\/\",\"url\":\"https:\\\/\\\/www.marylabel.com\\\/wp-content\\\/uploads\\\/op.marylabel.jpg\",\"contentUrl\":\"https:\\\/\\\/www.marylabel.com\\\/wp-content\\\/uploads\\\/op.marylabel.jpg\",\"width\":1200,\"height\":630,\"caption\":\"MaryLabel\"},\"image\":{\"@id\":\"https:\\\/\\\/www.marylabel.com\\\/fr\\\/#\\\/schema\\\/logo\\\/image\\\/\"},\"sameAs\":[\"https:\\\/\\\/www.facebook.com\\\/pages\\\/category\\\/Local-Business\\\/Mary-Label-Ventimiglia-2169750083288392\\\/\",\"https:\\\/\\\/x.com\\\/Marylabel_it\",\"https:\\\/\\\/www.instagram.com\\\/marylabelventimiglia\\\/?hl=it\"]}]}<\/script>\n<!-- \/ Yoast SEO plugin. -->","yoast_head_json":{"title":"Shop The Herb France 100% Legal - Cannabis Light L\u00e9gal en France Marylabel.com","description":"Shop The Herb France 100% - Le cannabis avec du THC, l'ingr\u00e9dient actif, pas plus de 0,2% selon la loi, est en train de conqu\u00e9rir le march\u00e9.","robots":{"index":"index","follow":"follow","max-snippet":"max-snippet:-1","max-image-preview":"max-image-preview:large","max-video-preview":"max-video-preview:-1"},"canonical":"https:\/\/www.marylabel.com\/fr\/herbe-shop-france-lois\/","og_locale":"fr_FR","og_type":"article","og_title":"Shop The Herb France 100% Legal - Cannabis Light L\u00e9gal en France Marylabel.com","og_description":"Shop The Herb France 100% - Le cannabis avec du THC, l'ingr\u00e9dient actif, pas plus de 0,2% selon la loi, est en train de conqu\u00e9rir le march\u00e9.","og_url":"https:\/\/www.marylabel.com\/fr\/herbe-shop-france-lois\/","og_site_name":"Marylabel.com","article_publisher":"https:\/\/www.facebook.com\/pages\/category\/Local-Business\/Mary-Label-Ventimiglia-2169750083288392\/","article_modified_time":"2022-11-19T16:10:06+00:00","twitter_card":"summary_large_image","twitter_site":"@Marylabel_it","twitter_misc":{"Dur\u00e9e de lecture estim\u00e9e":"2 minutes"},"schema":{"@context":"https:\/\/schema.org","@graph":[{"@type":"WebPage","@id":"https:\/\/www.marylabel.com\/fr\/herbe-shop-france-lois\/","url":"https:\/\/www.marylabel.com\/fr\/herbe-shop-france-lois\/","name":"Shop The Herb France 100% Legal - Cannabis Light L\u00e9gal en France Marylabel.com","isPartOf":{"@id":"https:\/\/www.marylabel.com\/fr\/#website"},"datePublished":"2021-04-13T14:33:20+00:00","dateModified":"2022-11-19T16:10:06+00:00","description":"Shop The Herb France 100% - Le cannabis avec du THC, l'ingr\u00e9dient actif, pas plus de 0,2% selon la loi, est en train de conqu\u00e9rir le march\u00e9.","breadcrumb":{"@id":"https:\/\/www.marylabel.com\/fr\/herbe-shop-france-lois\/#breadcrumb"},"inLanguage":"fr-FR","potentialAction":[{"@type":"ReadAction","target":["https:\/\/www.marylabel.com\/fr\/herbe-shop-france-lois\/"]}]},{"@type":"BreadcrumbList","@id":"https:\/\/www.marylabel.com\/fr\/herbe-shop-france-lois\/#breadcrumb","itemListElement":[{"@type":"ListItem","position":1,"name":"Home","item":"https:\/\/www.marylabel.com\/fr\/home\/"},{"@type":"ListItem","position":2,"name":"Lois"}]},{"@type":"WebSite","@id":"https:\/\/www.marylabel.com\/fr\/#website","url":"https:\/\/www.marylabel.com\/fr\/","name":"Marylabel.com","description":"Cannabis legale compra ora online","publisher":{"@id":"https:\/\/www.marylabel.com\/fr\/#organization"},"alternateName":"www.marylabel.com","potentialAction":[{"@type":"SearchAction","target":{"@type":"EntryPoint","urlTemplate":"https:\/\/www.marylabel.com\/fr\/?s={search_term_string}"},"query-input":{"@type":"PropertyValueSpecification","valueRequired":true,"valueName":"search_term_string"}}],"inLanguage":"fr-FR"},{"@type":"Organization","@id":"https:\/\/www.marylabel.com\/fr\/#organization","name":"MaryLabel","alternateName":"marylabel","url":"https:\/\/www.marylabel.com\/fr\/","logo":{"@type":"ImageObject","inLanguage":"fr-FR","@id":"https:\/\/www.marylabel.com\/fr\/#\/schema\/logo\/image\/","url":"https:\/\/www.marylabel.com\/wp-content\/uploads\/op.marylabel.jpg","contentUrl":"https:\/\/www.marylabel.com\/wp-content\/uploads\/op.marylabel.jpg","width":1200,"height":630,"caption":"MaryLabel"},"image":{"@id":"https:\/\/www.marylabel.com\/fr\/#\/schema\/logo\/image\/"},"sameAs":["https:\/\/www.facebook.com\/pages\/category\/Local-Business\/Mary-Label-Ventimiglia-2169750083288392\/","https:\/\/x.com\/Marylabel_it","https:\/\/www.instagram.com\/marylabelventimiglia\/?hl=it"]}]}},"_links":{"self":[{"href":"https:\/\/www.marylabel.com\/fr\/wp-json\/wp\/v2\/pages\/3545","targetHints":{"allow":["GET"]}}],"collection":[{"href":"https:\/\/www.marylabel.com\/fr\/wp-json\/wp\/v2\/pages"}],"about":[{"href":"https:\/\/www.marylabel.com\/fr\/wp-json\/wp\/v2\/types\/page"}],"author":[{"embeddable":true,"href":"https:\/\/www.marylabel.com\/fr\/wp-json\/wp\/v2\/users\/1"}],"replies":[{"embeddable":true,"href":"https:\/\/www.marylabel.com\/fr\/wp-json\/wp\/v2\/comments?post=3545"}],"version-history":[{"count":0,"href":"https:\/\/www.marylabel.com\/fr\/wp-json\/wp\/v2\/pages\/3545\/revisions"}],"wp:attachment":[{"href":"https:\/\/www.marylabel.com\/fr\/wp-json\/wp\/v2\/media?parent=3545"}],"curies":[{"name":"wp","href":"https:\/\/api.w.org\/{rel}","templated":true}]}}