{"id":3249,"date":"2021-04-12T10:50:37","date_gmt":"2021-04-12T08:50:37","guid":{"rendered":"https:\/\/www.marylabel.com\/boutique\/"},"modified":"2022-11-29T23:00:00","modified_gmt":"2022-11-29T22:00:00","slug":"boutique","status":"publish","type":"page","link":"https:\/\/www.marylabel.com\/fr\/boutique\/","title":{"rendered":"Boutique"},"content":{"rendered":"<div id=\"shoptext\" > Lorem ipsum dolor sit amet, consectetur adipiscing elit. Fusce faucibus tortor nec arcu aliquam, vitae porta ante feugiat. Class aptent taciti sociosqu ad litora torquent per conubia nostra, per inceptos himenaeos. Aliquam commodo tellus sit amet urna sodales volutpat. Nam placerat purus ut enim aliquam lobortis. Suspendisse malesuada velit vitae ipsum aliquam rhoncus. Duis ac sodales turpis, in hendrerit nulla. Vestibulum et elit ipsum. Sed vitae ante sit amet sapien egestas volutpat. Proin eleifend urna ac nunc volutpat consequat. Donec lacus lacus, dignissim ac libero sit amet, molestie condimentum libero. Nam feugiat urna sem, vitae malesuada nisi sollicitudin eu. Ut sed cursus sem. Morbi maximus fermentum sagittis. Vivamus augue nisi, sagittis sit amet ligula eget, blandit malesuada turpis. Nullam at lectus nunc. Pellentesque pellentesque eget magna eu dapibus.<\/p>\n<p>Curabitur dui erat, consectetur in molestie eget, posuere non nunc. Nullam interdum diam lacus, non posuere est aliquet ut. Phasellus non efficitur augue. Phasellus efficitur libero non ligula mollis, ut dictum metus feugiat. Mauris non tincidunt mauris, at dapibus lectus. Duis eu mattis arcu, a fermentum tellus. Donec blandit interdum lacus, at mattis nisl tempor sed. Praesent fringilla dictum nunc, fermentum efficitur est porttitor eu. Maecenas dictum libero blandit diam condimentum viverra.<\/p>\n<p>Nulla non metus dolor. In auctor mauris quis erat cursus, non convallis erat porta. Aenean metus turpis, congue in orci eu, posuere ornare ex. Phasellus mattis sollicitudin metus, ac bibendum leo tincidunt vitae. Pellentesque ante elit, scelerisque vel neque at, efficitur ullamcorper nunc. Suspendisse nec dui vitae libero porttitor ultrices ornare at sem. Suspendisse hendrerit dui sem, quis euismod neque sodales eget.<\/p>\n<p>Duis tempor felis a mollis sollicit <\/p><\/div>\n","protected":false},"excerpt":{"rendered":"<p>Lorem ipsum dolor sit amet, consectetur adipiscing elit. Fusce faucibus tortor nec arcu aliquam, vitae porta ante feugiat. Class aptent taciti sociosqu ad litora torquent per<span class=\"excerpt-hellip\"> [\u2026]<\/span><\/p>\n","protected":false},"author":1,"featured_media":0,"parent":0,"menu_order":3,"comment_status":"closed","ping_status":"closed","template":"","meta":{"footnotes":""},"class_list":["post-3249","page","type-page","status-publish","hentry"],"yoast_head":"<!-- This site is optimized with the Yoast SEO plugin v27.5 - https:\/\/yoast.com\/product\/yoast-seo-wordpress\/ -->\n<title>Archives Pages &#8902; Marylabel.com<\/title>\n<meta name=\"robots\" content=\"index, follow, max-snippet:-1, max-image-preview:large, max-video-preview:-1\" \/>\n<link rel=\"canonical\" href=\"https:\/\/www.marylabel.com\/fr\/boutique\/\" \/>\n<meta property=\"og:locale\" content=\"fr_FR\" \/>\n<meta property=\"og:type\" content=\"article\" \/>\n<meta property=\"og:title\" content=\"MaryLabel &#8902; Acheter de la marijuana l\u00e9gale &#8902; Marylabel.com\" \/>\n<meta property=\"og:description\" content=\"Marijuana l\u00e9gale Italie - Cannabis avec du THC, l&#039;ingr\u00e9dient actif, ne d\u00e9passant pas 0,2 % conform\u00e9ment \u00e0 la loi &#8902; Achetez maintenant sur marylabel.com\" \/>\n<meta property=\"og:url\" content=\"https:\/\/www.marylabel.com\/fr\/boutique\/\" \/>\n<meta property=\"og:site_name\" content=\"Marylabel.com\" \/>\n<meta property=\"article:publisher\" content=\"https:\/\/www.facebook.com\/pages\/category\/Local-Business\/Mary-Label-Ventimiglia-2169750083288392\/\" \/>\n<meta property=\"article:modified_time\" content=\"2022-11-29T22:00:00+00:00\" \/>\n<meta property=\"og:image\" content=\"https:\/\/www.marylabel.com\/wp-content\/uploads\/op.marylabel-1-600x450.jpg\" \/>\n<meta name=\"twitter:card\" content=\"summary_large_image\" \/>\n<meta name=\"twitter:title\" content=\"MaryLabel &#8902; Acheter de la marijuana l\u00e9gale &#8902; Marylabel.com\" \/>\n<meta name=\"twitter:description\" content=\"Marijuana l\u00e9gale Italie - Cannabis avec du THC, l&#039;ingr\u00e9dient actif, ne d\u00e9passant pas 0,2 % conform\u00e9ment \u00e0 la loi &#8902; Achetez maintenant sur marylabel.com\" \/>\n<meta name=\"twitter:image\" content=\"https:\/\/www.marylabel.com\/wp-content\/uploads\/op.marylabel-1-600x450.jpg\" \/>\n<meta name=\"twitter:site\" content=\"@Marylabel_it\" \/>\n<script type=\"application\/ld+json\" class=\"yoast-schema-graph\">{\"@context\":\"https:\\\/\\\/schema.org\",\"@graph\":[{\"@type\":\"WebPage\",\"@id\":\"https:\\\/\\\/www.marylabel.com\\\/fr\\\/boutique\\\/\",\"url\":\"https:\\\/\\\/www.marylabel.com\\\/fr\\\/boutique\\\/\",\"name\":\"Archives Pages &#8902; Marylabel.com\",\"isPartOf\":{\"@id\":\"https:\\\/\\\/www.marylabel.com\\\/fr\\\/#website\"},\"datePublished\":\"2021-04-12T08:50:37+00:00\",\"dateModified\":\"2022-11-29T22:00:00+00:00\",\"breadcrumb\":{\"@id\":\"https:\\\/\\\/www.marylabel.com\\\/fr\\\/boutique\\\/#breadcrumb\"},\"inLanguage\":\"fr-FR\",\"potentialAction\":[{\"@type\":\"ReadAction\",\"target\":[\"https:\\\/\\\/www.marylabel.com\\\/fr\\\/boutique\\\/\"]}]},{\"@type\":\"BreadcrumbList\",\"@id\":\"https:\\\/\\\/www.marylabel.com\\\/fr\\\/boutique\\\/#breadcrumb\",\"itemListElement\":[{\"@type\":\"ListItem\",\"position\":1,\"name\":\"Home\",\"item\":\"https:\\\/\\\/www.marylabel.com\\\/fr\\\/home\\\/\"},{\"@type\":\"ListItem\",\"position\":2,\"name\":\"Boutique\"}]},{\"@type\":\"WebSite\",\"@id\":\"https:\\\/\\\/www.marylabel.com\\\/fr\\\/#website\",\"url\":\"https:\\\/\\\/www.marylabel.com\\\/fr\\\/\",\"name\":\"Marylabel.com\",\"description\":\"Cannabis legale compra ora online\",\"publisher\":{\"@id\":\"https:\\\/\\\/www.marylabel.com\\\/fr\\\/#organization\"},\"alternateName\":\"www.marylabel.com\",\"potentialAction\":[{\"@type\":\"SearchAction\",\"target\":{\"@type\":\"EntryPoint\",\"urlTemplate\":\"https:\\\/\\\/www.marylabel.com\\\/fr\\\/?s={search_term_string}\"},\"query-input\":{\"@type\":\"PropertyValueSpecification\",\"valueRequired\":true,\"valueName\":\"search_term_string\"}}],\"inLanguage\":\"fr-FR\"},{\"@type\":\"Organization\",\"@id\":\"https:\\\/\\\/www.marylabel.com\\\/fr\\\/#organization\",\"name\":\"MaryLabel\",\"alternateName\":\"marylabel\",\"url\":\"https:\\\/\\\/www.marylabel.com\\\/fr\\\/\",\"logo\":{\"@type\":\"ImageObject\",\"inLanguage\":\"fr-FR\",\"@id\":\"https:\\\/\\\/www.marylabel.com\\\/fr\\\/#\\\/schema\\\/logo\\\/image\\\/\",\"url\":\"https:\\\/\\\/www.marylabel.com\\\/wp-content\\\/uploads\\\/op.marylabel.jpg\",\"contentUrl\":\"https:\\\/\\\/www.marylabel.com\\\/wp-content\\\/uploads\\\/op.marylabel.jpg\",\"width\":1200,\"height\":630,\"caption\":\"MaryLabel\"},\"image\":{\"@id\":\"https:\\\/\\\/www.marylabel.com\\\/fr\\\/#\\\/schema\\\/logo\\\/image\\\/\"},\"sameAs\":[\"https:\\\/\\\/www.facebook.com\\\/pages\\\/category\\\/Local-Business\\\/Mary-Label-Ventimiglia-2169750083288392\\\/\",\"https:\\\/\\\/x.com\\\/Marylabel_it\",\"https:\\\/\\\/www.instagram.com\\\/marylabelventimiglia\\\/?hl=it\"]}]}<\/script>\n<!-- \/ Yoast SEO plugin. -->","yoast_head_json":{"title":"Archives Pages &#8902; Marylabel.com","robots":{"index":"index","follow":"follow","max-snippet":"max-snippet:-1","max-image-preview":"max-image-preview:large","max-video-preview":"max-video-preview:-1"},"canonical":"https:\/\/www.marylabel.com\/fr\/boutique\/","og_locale":"fr_FR","og_type":"article","og_title":"MaryLabel &#8902; Acheter de la marijuana l\u00e9gale &#8902; Marylabel.com","og_description":"Marijuana l\u00e9gale Italie - Cannabis avec du THC, l'ingr\u00e9dient actif, ne d\u00e9passant pas 0,2 % conform\u00e9ment \u00e0 la loi &#8902; Achetez maintenant sur marylabel.com","og_url":"https:\/\/www.marylabel.com\/fr\/boutique\/","og_site_name":"Marylabel.com","article_publisher":"https:\/\/www.facebook.com\/pages\/category\/Local-Business\/Mary-Label-Ventimiglia-2169750083288392\/","article_modified_time":"2022-11-29T22:00:00+00:00","og_image":[{"url":"https:\/\/www.marylabel.com\/wp-content\/uploads\/op.marylabel-1-600x450.jpg","type":"","width":"","height":""}],"twitter_card":"summary_large_image","twitter_title":"MaryLabel &#8902; Acheter de la marijuana l\u00e9gale &#8902; Marylabel.com","twitter_description":"Marijuana l\u00e9gale Italie - Cannabis avec du THC, l'ingr\u00e9dient actif, ne d\u00e9passant pas 0,2 % conform\u00e9ment \u00e0 la loi &#8902; Achetez maintenant sur marylabel.com","twitter_image":"https:\/\/www.marylabel.com\/wp-content\/uploads\/op.marylabel-1-600x450.jpg","twitter_site":"@Marylabel_it","schema":{"@context":"https:\/\/schema.org","@graph":[{"@type":"WebPage","@id":"https:\/\/www.marylabel.com\/fr\/boutique\/","url":"https:\/\/www.marylabel.com\/fr\/boutique\/","name":"Archives Pages &#8902; Marylabel.com","isPartOf":{"@id":"https:\/\/www.marylabel.com\/fr\/#website"},"datePublished":"2021-04-12T08:50:37+00:00","dateModified":"2022-11-29T22:00:00+00:00","breadcrumb":{"@id":"https:\/\/www.marylabel.com\/fr\/boutique\/#breadcrumb"},"inLanguage":"fr-FR","potentialAction":[{"@type":"ReadAction","target":["https:\/\/www.marylabel.com\/fr\/boutique\/"]}]},{"@type":"BreadcrumbList","@id":"https:\/\/www.marylabel.com\/fr\/boutique\/#breadcrumb","itemListElement":[{"@type":"ListItem","position":1,"name":"Home","item":"https:\/\/www.marylabel.com\/fr\/home\/"},{"@type":"ListItem","position":2,"name":"Boutique"}]},{"@type":"WebSite","@id":"https:\/\/www.marylabel.com\/fr\/#website","url":"https:\/\/www.marylabel.com\/fr\/","name":"Marylabel.com","description":"Cannabis legale compra ora online","publisher":{"@id":"https:\/\/www.marylabel.com\/fr\/#organization"},"alternateName":"www.marylabel.com","potentialAction":[{"@type":"SearchAction","target":{"@type":"EntryPoint","urlTemplate":"https:\/\/www.marylabel.com\/fr\/?s={search_term_string}"},"query-input":{"@type":"PropertyValueSpecification","valueRequired":true,"valueName":"search_term_string"}}],"inLanguage":"fr-FR"},{"@type":"Organization","@id":"https:\/\/www.marylabel.com\/fr\/#organization","name":"MaryLabel","alternateName":"marylabel","url":"https:\/\/www.marylabel.com\/fr\/","logo":{"@type":"ImageObject","inLanguage":"fr-FR","@id":"https:\/\/www.marylabel.com\/fr\/#\/schema\/logo\/image\/","url":"https:\/\/www.marylabel.com\/wp-content\/uploads\/op.marylabel.jpg","contentUrl":"https:\/\/www.marylabel.com\/wp-content\/uploads\/op.marylabel.jpg","width":1200,"height":630,"caption":"MaryLabel"},"image":{"@id":"https:\/\/www.marylabel.com\/fr\/#\/schema\/logo\/image\/"},"sameAs":["https:\/\/www.facebook.com\/pages\/category\/Local-Business\/Mary-Label-Ventimiglia-2169750083288392\/","https:\/\/x.com\/Marylabel_it","https:\/\/www.instagram.com\/marylabelventimiglia\/?hl=it"]}]}},"_links":{"self":[{"href":"https:\/\/www.marylabel.com\/fr\/wp-json\/wp\/v2\/pages\/3249","targetHints":{"allow":["GET"]}}],"collection":[{"href":"https:\/\/www.marylabel.com\/fr\/wp-json\/wp\/v2\/pages"}],"about":[{"href":"https:\/\/www.marylabel.com\/fr\/wp-json\/wp\/v2\/types\/page"}],"author":[{"embeddable":true,"href":"https:\/\/www.marylabel.com\/fr\/wp-json\/wp\/v2\/users\/1"}],"replies":[{"embeddable":true,"href":"https:\/\/www.marylabel.com\/fr\/wp-json\/wp\/v2\/comments?post=3249"}],"version-history":[{"count":0,"href":"https:\/\/www.marylabel.com\/fr\/wp-json\/wp\/v2\/pages\/3249\/revisions"}],"wp:attachment":[{"href":"https:\/\/www.marylabel.com\/fr\/wp-json\/wp\/v2\/media?parent=3249"}],"curies":[{"name":"wp","href":"https:\/\/api.w.org\/{rel}","templated":true}]}}